{"id":27476,"date":"2024-02-29T16:00:05","date_gmt":"2024-02-29T14:00:05","guid":{"rendered":"https:\/\/farwell.ee\/toode\/pajalapp-silikoonist-153x124x71cm\/"},"modified":"2026-02-04T12:15:04","modified_gmt":"2026-02-04T10:15:04","slug":"pajalapp-silikoonist-153x124x71cm","status":"publish","type":"product","link":"https:\/\/farwell.ee\/en\/product\/pajalapp-silikoonist-153x124x71cm\/","title":{"rendered":"Pajalapp 15,3&#215;12,4&#215;7,1cm silikoonist"},"content":{"rendered":"","protected":false},"excerpt":{"rendered":"<p>Libisemiskindel silikoonist pajalapp ehk kuumahoidik tagab maksimaalse ohutuse ja kaitse k\u00f5rgete temperatuuride eest kuumade esemete (nt potid, ahjuplaadid) k\u00e4sitsemisel\u2026<br \/>\nSee vastab k\u00f5igile toiduga kokkupuutuvate materjalide ja esemete standarditele.<br \/>\nVastavalt kehtivatele m\u00e4\u00e4rustele, mis keelavad riidelappide kasutamise professionaalsetes k\u00f6\u00f6kides, see ei toimi bakterite arenemise vahendina.<br \/>\nVastupidav \u00e4\u00e4rmuslikele temperatuuridele.<br \/>\nTekstuuriga sisemus parandab haardumist ja kaitseb k\u00f5rgete temperatuuride eest.<br \/>\n\u00b7 Valmistatud silikoonist.<br \/>\n\u00b7 Vastupidav v\u00e4ga k\u00f5rgetele temperatuuridele: talub kuni +230\u00baC<br \/>\n\u00b7 Ergonoomiline disain s\u00f5rmeotste kaitsmiseks, erinevalt teistest turul olemasolevatest toodetest.<br \/>\n\u00b7 Keskne auk, et pajakinda saaks riputada koka vormiriietusele v\u00f5i k\u00f6\u00f6ki.<br \/>\n\u00b7 Mittedeformeeruv, taastab oma esialgse oleku.<br \/>\n\u00b7 Kergesti puhastatav, n\u00f5udepesumasinas pestav.<\/p>","protected":false},"featured_media":36523,"template":"","meta":{"_acf_changed":false,"inline_featured_image":false},"product_brand":[],"product_cat":[12436],"product_tag":[],"class_list":{"0":"post-27476","1":"product","2":"type-product","3":"status-publish","4":"has-post-thumbnail","6":"product_cat-pajakindad-ja-pajalapid","7":"pa_kaubamark-araven","9":"first","10":"outofstock","11":"shipping-taxable","12":"purchasable","13":"product-type-simple"},"acf":[],"_links":{"self":[{"href":"https:\/\/farwell.ee\/en\/wp-json\/wp\/v2\/product\/27476","targetHints":{"allow":["GET"]}}],"collection":[{"href":"https:\/\/farwell.ee\/en\/wp-json\/wp\/v2\/product"}],"about":[{"href":"https:\/\/farwell.ee\/en\/wp-json\/wp\/v2\/types\/product"}],"wp:featuredmedia":[{"embeddable":true,"href":"https:\/\/farwell.ee\/en\/wp-json\/wp\/v2\/media\/36523"}],"wp:attachment":[{"href":"https:\/\/farwell.ee\/en\/wp-json\/wp\/v2\/media?parent=27476"}],"wp:term":[{"taxonomy":"product_brand","embeddable":true,"href":"https:\/\/farwell.ee\/en\/wp-json\/wp\/v2\/product_brand?post=27476"},{"taxonomy":"product_cat","embeddable":true,"href":"https:\/\/farwell.ee\/en\/wp-json\/wp\/v2\/product_cat?post=27476"},{"taxonomy":"product_tag","embeddable":true,"href":"https:\/\/farwell.ee\/en\/wp-json\/wp\/v2\/product_tag?post=27476"}],"curies":[{"name":"wp","href":"https:\/\/api.w.org\/{rel}","templated":true}]}}