{"id":27467,"date":"2024-02-29T10:15:05","date_gmt":"2024-02-29T08:15:05","guid":{"rendered":"https:\/\/farwell.ee\/toode\/kauss-05l-labimoot-14cm-ladustatav\/"},"modified":"2026-03-03T10:15:10","modified_gmt":"2026-03-03T08:15:10","slug":"kauss-05l-labimoot-14cm-ladustatav","status":"publish","type":"product","link":"https:\/\/farwell.ee\/en\/product\/kauss-05l-labimoot-14cm-ladustatav\/","title":{"rendered":"Kauss 0,5L, l\u00e4bim\u00f5\u00f5t 14cm, ladustatav"},"content":{"rendered":"","protected":false},"excerpt":{"rendered":"<p>Temperatuuritaluvus max. + 70 C.<br \/>\nMasinpestav.<\/p>","protected":false},"featured_media":27466,"template":"","meta":{"_acf_changed":false,"inline_featured_image":false},"product_brand":[],"product_cat":[167],"product_tag":[],"class_list":{"0":"post-27467","1":"product","2":"type-product","3":"status-publish","4":"has-post-thumbnail","6":"product_cat-serveerimisalused-ja-kausid-melamiin","7":"pa_kaubamark-aps","9":"first","10":"outofstock","11":"shipping-taxable","12":"purchasable","13":"product-type-simple"},"acf":[],"_links":{"self":[{"href":"https:\/\/farwell.ee\/en\/wp-json\/wp\/v2\/product\/27467","targetHints":{"allow":["GET"]}}],"collection":[{"href":"https:\/\/farwell.ee\/en\/wp-json\/wp\/v2\/product"}],"about":[{"href":"https:\/\/farwell.ee\/en\/wp-json\/wp\/v2\/types\/product"}],"wp:featuredmedia":[{"embeddable":true,"href":"https:\/\/farwell.ee\/en\/wp-json\/wp\/v2\/media\/27466"}],"wp:attachment":[{"href":"https:\/\/farwell.ee\/en\/wp-json\/wp\/v2\/media?parent=27467"}],"wp:term":[{"taxonomy":"product_brand","embeddable":true,"href":"https:\/\/farwell.ee\/en\/wp-json\/wp\/v2\/product_brand?post=27467"},{"taxonomy":"product_cat","embeddable":true,"href":"https:\/\/farwell.ee\/en\/wp-json\/wp\/v2\/product_cat?post=27467"},{"taxonomy":"product_tag","embeddable":true,"href":"https:\/\/farwell.ee\/en\/wp-json\/wp\/v2\/product_tag?post=27467"}],"curies":[{"name":"wp","href":"https:\/\/api.w.org\/{rel}","templated":true}]}}