{"id":27294,"date":"2024-02-21T09:45:05","date_gmt":"2024-02-21T07:45:05","guid":{"rendered":"https:\/\/farwell.ee\/toode\/taldrik-192cm-precision-art-made-kasitoo\/"},"modified":"2025-07-01T14:45:04","modified_gmt":"2025-07-01T11:45:04","slug":"taldrik-192cm-precision-art-made-kasitoo","status":"publish","type":"product","link":"https:\/\/farwell.ee\/en\/product\/taldrik-192cm-precision-art-made-kasitoo\/","title":{"rendered":"Taldrik 19,2cm Precision Art.Made (k\u00e4sit\u00f6\u00f6)"},"content":{"rendered":"","protected":false},"excerpt":{"rendered":"<p>&#8220;Precision&#8221; ehk t\u00f5lkes &#8220;T\u00e4psus&#8221;<br \/>\nParimate roogade puhul on rangus ja t\u00e4psus kohustuslikud: koostisainete t\u00e4pne valik ja nende pedantne kombineerimine, k\u00fcpsetusaeg ja loomulikult l\u00f5ppesitlus.<br \/>\nK\u00f5ik selleks, et iga detail &#8220;Precision&#8221; taldrikuga silma paistaks.<\/p>\n<p>Hooldus- ja k\u00e4itlemisjuhised:<br \/>\n\u2022 K\u00e4sitsi valmistatud n\u00f5ud on tavap\u00e4rasest hapramad.<br \/>\n\u2022 V\u00e4ltige virnastamist. Kui see pole v\u00f5imalik, kasutage taldrikute vahel pehmendusmaterjali.<br \/>\n\u2022 V\u00e4ltige l\u00f6\u00f6ke metallpindade ja teiste n\u00f5ude vastu.<br \/>\n\u2022 Kuigi ebakorrap\u00e4rase kujuga n\u00f5ud on n\u00f5udepesumasinas pestavad, veenduge, et need oleksid ettevaatlikult ja kindlalt asetatud pesukorvi piikide vahele.<br \/>\n\u2022 P\u00e4rast k\u00e4sipesu asetage n\u00f5ud n\u00f5rguma, v\u00e4ltides kokkupuudet metallpindadega n\u00f5ude oks\u00fcdeerumise v\u00e4ltimiseks.<br \/>\n\u2022 V\u00e4ltige metallk\u00e4snade kasutamist mati pinnaga n\u00f5ude puhul.<br \/>\n\u2022 Mikrolaineahjus kasutatav.<br \/>\n\u2022 Ei ole ahjukindel !!!<br \/>\n\u2022 S\u00f6\u00f6giriistadest tekkinud tumedate triipude eemaldamiseks matilt pinnalt peske n\u00f5usid temperatuuril \u00fcle 60\u00baC ja kasutage enne pinnale sidrunimahla v\u00f5i pleegituslahust.<\/p>","protected":false},"featured_media":30568,"template":"","meta":{"_acf_changed":false,"inline_featured_image":false},"product_brand":[],"product_cat":[176],"product_tag":[],"class_list":{"0":"post-27294","1":"product","2":"type-product","3":"status-publish","4":"has-post-thumbnail","6":"product_cat-taldrikud","7":"pa_kaubamark-vista-alegre-art-made","9":"first","10":"outofstock","11":"shipping-taxable","12":"purchasable","13":"product-type-simple"},"acf":[],"_links":{"self":[{"href":"https:\/\/farwell.ee\/en\/wp-json\/wp\/v2\/product\/27294","targetHints":{"allow":["GET"]}}],"collection":[{"href":"https:\/\/farwell.ee\/en\/wp-json\/wp\/v2\/product"}],"about":[{"href":"https:\/\/farwell.ee\/en\/wp-json\/wp\/v2\/types\/product"}],"wp:featuredmedia":[{"embeddable":true,"href":"https:\/\/farwell.ee\/en\/wp-json\/wp\/v2\/media\/30568"}],"wp:attachment":[{"href":"https:\/\/farwell.ee\/en\/wp-json\/wp\/v2\/media?parent=27294"}],"wp:term":[{"taxonomy":"product_brand","embeddable":true,"href":"https:\/\/farwell.ee\/en\/wp-json\/wp\/v2\/product_brand?post=27294"},{"taxonomy":"product_cat","embeddable":true,"href":"https:\/\/farwell.ee\/en\/wp-json\/wp\/v2\/product_cat?post=27294"},{"taxonomy":"product_tag","embeddable":true,"href":"https:\/\/farwell.ee\/en\/wp-json\/wp\/v2\/product_tag?post=27294"}],"curies":[{"name":"wp","href":"https:\/\/api.w.org\/{rel}","templated":true}]}}