{"id":27247,"date":"2024-02-19T14:00:06","date_gmt":"2024-02-19T12:00:06","guid":{"rendered":"https:\/\/farwell.ee\/toode\/kotisulgur-keskmine-pikkus-11cm-4-tk-pk\/"},"modified":"2025-12-09T11:00:04","modified_gmt":"2025-12-09T09:00:04","slug":"kotisulgur-keskmine-pikkus-11cm-4-tk-pk","status":"publish","type":"product","link":"https:\/\/farwell.ee\/en\/product\/kotisulgur-keskmine-pikkus-11cm-4-tk-pk\/","title":{"rendered":"Kotisulgur 11cm plastikust  4 tk\/pk"},"content":{"rendered":"","protected":false},"excerpt":{"rendered":"<p>&#8220;Twixit&#8221; klambrid koti mugavaks sulgemiseks.<\/p>\n<p>Sobivad kasutamiseks k\u00fclmikus, s\u00fcgavk\u00fclmikus ja mikrolaineahjus.<br \/>\nN\u00f5udepesumasinas pestavad.<\/p>\n<p>NB!\u00a0 V\u00e4rvid v\u00f5ivad erineda !<\/p>","protected":false},"featured_media":27246,"template":"","meta":{"_acf_changed":false,"inline_featured_image":false},"product_brand":[],"product_cat":[7535],"product_tag":[],"class_list":{"0":"post-27247","1":"product","2":"type-product","3":"status-publish","4":"has-post-thumbnail","6":"product_cat-kulumaterjalid","7":"pa_kaubamark-twixit","9":"first","10":"outofstock","11":"shipping-taxable","12":"purchasable","13":"product-type-simple"},"acf":[],"_links":{"self":[{"href":"https:\/\/farwell.ee\/en\/wp-json\/wp\/v2\/product\/27247","targetHints":{"allow":["GET"]}}],"collection":[{"href":"https:\/\/farwell.ee\/en\/wp-json\/wp\/v2\/product"}],"about":[{"href":"https:\/\/farwell.ee\/en\/wp-json\/wp\/v2\/types\/product"}],"wp:featuredmedia":[{"embeddable":true,"href":"https:\/\/farwell.ee\/en\/wp-json\/wp\/v2\/media\/27246"}],"wp:attachment":[{"href":"https:\/\/farwell.ee\/en\/wp-json\/wp\/v2\/media?parent=27247"}],"wp:term":[{"taxonomy":"product_brand","embeddable":true,"href":"https:\/\/farwell.ee\/en\/wp-json\/wp\/v2\/product_brand?post=27247"},{"taxonomy":"product_cat","embeddable":true,"href":"https:\/\/farwell.ee\/en\/wp-json\/wp\/v2\/product_cat?post=27247"},{"taxonomy":"product_tag","embeddable":true,"href":"https:\/\/farwell.ee\/en\/wp-json\/wp\/v2\/product_tag?post=27247"}],"curies":[{"name":"wp","href":"https:\/\/api.w.org\/{rel}","templated":true}]}}