{"id":27163,"date":"2024-02-14T14:00:05","date_gmt":"2024-02-14T12:00:05","guid":{"rendered":"https:\/\/farwell.ee\/toode\/perkolaator-6l-uhekordse-korpusega-voimsus-1500w\/"},"modified":"2026-01-09T11:00:07","modified_gmt":"2026-01-09T09:00:07","slug":"perkolaator-6l-uhekordse-korpusega-voimsus-1500w","status":"publish","type":"product","link":"https:\/\/farwell.ee\/en\/product\/perkolaator-6l-uhekordse-korpusega-voimsus-1500w\/","title":{"rendered":"Perkolaator 6L \u00fchekordse korpusega, v\u00f5imsus 1500W"},"content":{"rendered":"","protected":false},"excerpt":{"rendered":"<p>Kohvijoogi valmistamisaeg 21 min.<\/p>\n<p>\u00dchekordse roostevabast terasest korpuse ja sisseehitatud roostevabast terasest filtriga kohvikeetja.<br \/>\nFilter on m\u00f5eldud j\u00e4medalt jahvatatud kohvi jaoks, mist\u00f5ttu filterpaberit pole vaja kasutada.<br \/>\nP\u00e4rast keetmist hoitakse kohvi serveerimistemperatuuril.<br \/>\nM\u00f5\u00f5turklaasiga, mittetilkuva kraaniga ja indikaatortulega.<br \/>\nIndikaatortuli n\u00e4itab keetmisprotsessi l\u00f5ppu ja seda, kas katlakivi eemaldamine on vajalik.<\/p>","protected":false},"featured_media":27162,"template":"","meta":{"_acf_changed":false,"inline_featured_image":false},"product_brand":[],"product_cat":[5634],"product_tag":[],"class_list":{"0":"post-27163","1":"product","2":"type-product","3":"status-publish","4":"has-post-thumbnail","6":"product_cat-kuuma-joogi-seadmed","7":"pa_kaubamark-hendi","9":"first","10":"outofstock","11":"shipping-taxable","12":"purchasable","13":"product-type-simple"},"acf":[],"_links":{"self":[{"href":"https:\/\/farwell.ee\/en\/wp-json\/wp\/v2\/product\/27163","targetHints":{"allow":["GET"]}}],"collection":[{"href":"https:\/\/farwell.ee\/en\/wp-json\/wp\/v2\/product"}],"about":[{"href":"https:\/\/farwell.ee\/en\/wp-json\/wp\/v2\/types\/product"}],"wp:featuredmedia":[{"embeddable":true,"href":"https:\/\/farwell.ee\/en\/wp-json\/wp\/v2\/media\/27162"}],"wp:attachment":[{"href":"https:\/\/farwell.ee\/en\/wp-json\/wp\/v2\/media?parent=27163"}],"wp:term":[{"taxonomy":"product_brand","embeddable":true,"href":"https:\/\/farwell.ee\/en\/wp-json\/wp\/v2\/product_brand?post=27163"},{"taxonomy":"product_cat","embeddable":true,"href":"https:\/\/farwell.ee\/en\/wp-json\/wp\/v2\/product_cat?post=27163"},{"taxonomy":"product_tag","embeddable":true,"href":"https:\/\/farwell.ee\/en\/wp-json\/wp\/v2\/product_tag?post=27163"}],"curies":[{"name":"wp","href":"https:\/\/api.w.org\/{rel}","templated":true}]}}