{"id":27028,"date":"2024-02-12T00:04:19","date_gmt":"2024-02-11T22:04:19","guid":{"rendered":"https:\/\/farwell.ee\/?post_type=product&#038;p=27028"},"modified":"2024-09-02T09:06:15","modified_gmt":"2024-09-02T06:06:15","slug":"gaasipliit-2-poletiga-uks-pool-uhtse-kuumutuspinnaga-laius-800mm","status":"publish","type":"product","link":"https:\/\/farwell.ee\/en\/product\/gaasipliit-2-poletiga-uks-pool-uhtse-kuumutuspinnaga-laius-800mm\/","title":{"rendered":"Gaasipliit 2-p\u00f5letiga, \u00fcks pool \u00fchtse kuumutuspinnaga, laius 800mm"},"content":{"rendered":"","protected":false},"excerpt":{"rendered":"<ul>\n<li>Suure efektiivsusega 5,5kW keskne p\u00f5leti, leegi kustumise valvuri ja kaitstud pilootleegiga<\/li>\n<li>Suur k\u00fcpsetuspind erineva temperatuuriga t\u00f6\u00f6tsoonidega<\/li>\n<li>Suur sile malmist k\u00fcpsetuspind v\u00f5imaldab kasutada erineva suurusega potte ja panne, mida saab ilma \u00fcles t\u00f5stmata kogu k\u00fcpsetuspinna ulatuses liigutada<\/li>\n<li>Ahjukambris on kolm siinipaari, mis mahutavad 2\/1 GN n\u00f5usid (2 aurupanni)<\/li>\n<li>Ribiline, malmist ahju p\u00f5hjaplaat<\/li>\n<li>Suure efektiivsusega lill t\u00fc\u00fcpi leegiga p\u00f5letid, pideva v\u00f5imsuse kontrolli ja optimeeritud p\u00f5lemisega<\/li>\n<li>Leegi kustumise valvur on k\u00f5ikide p\u00f5letite standardvarustuses, kaitsmaks ootamatu kustumise eest<\/li>\n<li>V\u00e4lispaneelid roostevabast terasest<\/li>\n<li>T\u00f6\u00f6pind 20\/10, roostevaba teras<\/li>\n<li>T\u00e4isnurksed servad v\u00f5imaldavad seadmeid omavahel tihedalt \u00fchendada<\/li>\n<\/ul>\n<p>M\u00f5\u00f5tmed: 800x930x850mm<\/p>\n<p>V\u00f5imsus: 30 kW<\/p>\n<p>Kaubam\u00e4rk: Electrolux Professional<\/p>\n<p>Tooteleht: <a href=\"https:\/\/farwell.ee\/wp-content\/uploads\/391020-1.pdf\">391020<\/a><\/p>","protected":false},"featured_media":27056,"template":"","meta":{"_acf_changed":false,"inline_featured_image":false},"product_brand":[],"product_cat":[8505],"product_tag":[],"class_list":{"0":"post-27028","1":"product","2":"type-product","3":"status-publish","4":"has-post-thumbnail","6":"product_cat-pliidid","8":"first","9":"outofstock","10":"shipping-taxable","11":"purchasable","12":"product-type-simple"},"acf":[],"_links":{"self":[{"href":"https:\/\/farwell.ee\/en\/wp-json\/wp\/v2\/product\/27028","targetHints":{"allow":["GET"]}}],"collection":[{"href":"https:\/\/farwell.ee\/en\/wp-json\/wp\/v2\/product"}],"about":[{"href":"https:\/\/farwell.ee\/en\/wp-json\/wp\/v2\/types\/product"}],"wp:featuredmedia":[{"embeddable":true,"href":"https:\/\/farwell.ee\/en\/wp-json\/wp\/v2\/media\/27056"}],"wp:attachment":[{"href":"https:\/\/farwell.ee\/en\/wp-json\/wp\/v2\/media?parent=27028"}],"wp:term":[{"taxonomy":"product_brand","embeddable":true,"href":"https:\/\/farwell.ee\/en\/wp-json\/wp\/v2\/product_brand?post=27028"},{"taxonomy":"product_cat","embeddable":true,"href":"https:\/\/farwell.ee\/en\/wp-json\/wp\/v2\/product_cat?post=27028"},{"taxonomy":"product_tag","embeddable":true,"href":"https:\/\/farwell.ee\/en\/wp-json\/wp\/v2\/product_tag?post=27028"}],"curies":[{"name":"wp","href":"https:\/\/api.w.org\/{rel}","templated":true}]}}