{"id":27025,"date":"2024-02-11T23:57:01","date_gmt":"2024-02-11T21:57:01","guid":{"rendered":"https:\/\/farwell.ee\/?post_type=product&#038;p=27025"},"modified":"2024-09-02T08:56:47","modified_gmt":"2024-09-02T05:56:47","slug":"gaasipliit-4-poletiga-ja-elektriline-ahi-laius-800mm","status":"publish","type":"product","link":"https:\/\/farwell.ee\/en\/product\/gaasipliit-4-poletiga-ja-elektriline-ahi-laius-800mm\/","title":{"rendered":"Gaasipliit 4-p\u00f5letiga ja elektriline ahi, laius 800mm"},"content":{"rendered":"","protected":false},"excerpt":{"rendered":"<ul>\n<li>Komplektis roostevabast terasest jalad, k\u00f5rgussuunas 50mm ulatuses reguleeritavad<\/li>\n<li>Suure efektiivsusega lillt\u00fc\u00fcpi leegiga p\u00f5letid, pideva v\u00f5imsuse kontrolli ja optimeeritud p\u00f5lemisega<\/li>\n<li>Leegi kustumise valvur on k\u00f5ikide p\u00f5letite standardvarustuses, kaitsmaks ootamatu kustumise eest<\/li>\n<li>Ahjukambris on kolm siinipaari, mis mahutavad 2\/1 GN n\u00f5usid (2 aurupanni)<\/li>\n<li>Ribiline, malmist ahju p\u00f5hjaplaat<\/li>\n<li>V\u00e4lispaneelid roostevabast terasest Scotch Brite pinnaviimistlusega<\/li>\n<li>Potitoed tugevast malmist<\/li>\n<li>Eriti tugev, \u00fches t\u00fckist pressitud \u00fclaosa on 2 mm paksust roostevabast terasest<\/li>\n<li>T\u00e4isnurksed servad v\u00f5imaldavad seadmeid omavahel tihedalt \u00fchendada<\/li>\n<\/ul>\n<p>M\u00f5\u00f5tmed: 800x930x850mm<\/p>\n<p>V\u00f5imsus: 28 kW<\/p>\n<p>Kaubam\u00e4rk: Electrolux Professional<\/p>\n<p>Tooteleht: <a href=\"https:\/\/farwell.ee\/wp-content\/uploads\/391010-1.pdf\">391010<\/a><\/p>","protected":false},"featured_media":27059,"template":"","meta":{"_acf_changed":false,"inline_featured_image":false},"product_brand":[],"product_cat":[8505],"product_tag":[],"class_list":{"0":"post-27025","1":"product","2":"type-product","3":"status-publish","4":"has-post-thumbnail","6":"product_cat-pliidid","8":"first","9":"outofstock","10":"shipping-taxable","11":"purchasable","12":"product-type-simple"},"acf":[],"_links":{"self":[{"href":"https:\/\/farwell.ee\/en\/wp-json\/wp\/v2\/product\/27025","targetHints":{"allow":["GET"]}}],"collection":[{"href":"https:\/\/farwell.ee\/en\/wp-json\/wp\/v2\/product"}],"about":[{"href":"https:\/\/farwell.ee\/en\/wp-json\/wp\/v2\/types\/product"}],"wp:featuredmedia":[{"embeddable":true,"href":"https:\/\/farwell.ee\/en\/wp-json\/wp\/v2\/media\/27059"}],"wp:attachment":[{"href":"https:\/\/farwell.ee\/en\/wp-json\/wp\/v2\/media?parent=27025"}],"wp:term":[{"taxonomy":"product_brand","embeddable":true,"href":"https:\/\/farwell.ee\/en\/wp-json\/wp\/v2\/product_brand?post=27025"},{"taxonomy":"product_cat","embeddable":true,"href":"https:\/\/farwell.ee\/en\/wp-json\/wp\/v2\/product_cat?post=27025"},{"taxonomy":"product_tag","embeddable":true,"href":"https:\/\/farwell.ee\/en\/wp-json\/wp\/v2\/product_tag?post=27025"}],"curies":[{"name":"wp","href":"https:\/\/api.w.org\/{rel}","templated":true}]}}