{"id":27018,"date":"2024-02-11T23:35:34","date_gmt":"2024-02-11T21:35:34","guid":{"rendered":"https:\/\/farwell.ee\/?post_type=product&#038;p=27018"},"modified":"2024-09-02T08:59:23","modified_gmt":"2024-09-02T05:59:23","slug":"gaasipliit-22-poletit-ja-kuumutuspind-laius-1200-mm","status":"publish","type":"product","link":"https:\/\/farwell.ee\/en\/product\/gaasipliit-22-poletit-ja-kuumutuspind-laius-1200-mm\/","title":{"rendered":"Gaasipliit 2+2 p\u00f5letit ja kuumutuspind, laius 1200 mm"},"content":{"rendered":"","protected":false},"excerpt":{"rendered":"<ul>\n<li>Suure efektiivsusega 3,8kW tsentraalne p\u00f5leti, leegi kustumise<br \/>\nkontrolls\u00fcsteem ja kaitstud pilootleek<\/li>\n<li>Sobib LPG v\u00f5i maagaasiga t\u00f6\u00f6tamiseks<\/li>\n<li>Suur k\u00fcpsetuspind, mille erinevates tsoonides on erinevad temperatuurid<\/li>\n<li>\u00dchtne k\u00fcpsetuspind on valmistatud malmist ja see v\u00f5imaldab \u00fcheaegselt kasutada mitmeid erineva suurusega potte ja panne, mida saab m\u00f6\u00f6da<br \/>\nkuumutuspinda liigutada, ilma neid sealt \u00fcles t\u00f5stmata<\/li>\n<li>Kaks suure efektiivsusega 5,5kW lill t\u00fc\u00fcpi leegiga p\u00f5letit, v\u00f5imsuse reguleerimise, kaitstud pilootleegi ja kohapealse vahetatavusega.<\/li>\n<li>Leegi kustumise kontrolls\u00fcsteem on p\u00f5letite standardvarustuses.<\/li>\n<li>Roostevabast terasest v\u00e4lispaneelid on Scotch Brite pinnaviimistlusega<\/li>\n<li>\u00dchest t\u00fckist pressitud \u00fclaosa on 1,5mm paksusest roostevaba terasest<\/li>\n<li>T\u00e4isnurksed servad v\u00f5imaldavad seadmeid omavahel tihedalt \u00fchendada.<\/li>\n<\/ul>\n<p>M\u00f5\u00f5tmed: 1200x730x250 mm<\/p>\n<p>V\u00f5imsus: 25.6 kW<\/p>\n<p>Kaubam\u00e4rk: Electrolux Professional<\/p>\n<p>Tooteleht: <a href=\"https:\/\/farwell.ee\/wp-content\/uploads\/371012.pdf\">371012<\/a><\/p>","protected":false},"featured_media":27054,"template":"","meta":{"_acf_changed":false,"inline_featured_image":false},"product_brand":[],"product_cat":[8505],"product_tag":[],"class_list":{"0":"post-27018","1":"product","2":"type-product","3":"status-publish","4":"has-post-thumbnail","6":"product_cat-pliidid","8":"first","9":"outofstock","10":"shipping-taxable","11":"purchasable","12":"product-type-simple"},"acf":[],"_links":{"self":[{"href":"https:\/\/farwell.ee\/en\/wp-json\/wp\/v2\/product\/27018","targetHints":{"allow":["GET"]}}],"collection":[{"href":"https:\/\/farwell.ee\/en\/wp-json\/wp\/v2\/product"}],"about":[{"href":"https:\/\/farwell.ee\/en\/wp-json\/wp\/v2\/types\/product"}],"wp:featuredmedia":[{"embeddable":true,"href":"https:\/\/farwell.ee\/en\/wp-json\/wp\/v2\/media\/27054"}],"wp:attachment":[{"href":"https:\/\/farwell.ee\/en\/wp-json\/wp\/v2\/media?parent=27018"}],"wp:term":[{"taxonomy":"product_brand","embeddable":true,"href":"https:\/\/farwell.ee\/en\/wp-json\/wp\/v2\/product_brand?post=27018"},{"taxonomy":"product_cat","embeddable":true,"href":"https:\/\/farwell.ee\/en\/wp-json\/wp\/v2\/product_cat?post=27018"},{"taxonomy":"product_tag","embeddable":true,"href":"https:\/\/farwell.ee\/en\/wp-json\/wp\/v2\/product_tag?post=27018"}],"curies":[{"name":"wp","href":"https:\/\/api.w.org\/{rel}","templated":true}]}}