{"id":26904,"date":"2024-02-06T12:28:43","date_gmt":"2024-02-06T10:28:43","guid":{"rendered":"https:\/\/farwell.ee\/toode\/grillsusi-15kg-white-quebracho\/"},"modified":"2026-04-10T08:00:07","modified_gmt":"2026-04-10T05:00:07","slug":"grillsusi-15kg-white-quebracho","status":"publish","type":"product","link":"https:\/\/farwell.ee\/en\/product\/grillsusi-15kg-white-quebracho\/","title":{"rendered":"Grills\u00fcsi 15kg\/kott QUEBRACHO"},"content":{"rendered":"","protected":false},"excerpt":{"rendered":"<p>MIBRASA\u00ae s\u00fcsi on tahke materjal, mis on valmistatud parimatest k\u00fcttepuudest ja pakub suuri eeliseid:<\/p>\n<p>\u00b7 K\u00f5rge k\u00fcttev\u00f5imsusega &#8211; kuni 35 000 KJ\/Kg.<br \/>\n\u00b7 Suurep\u00e4rane k\u00fcpsetusv\u00f5ime, v\u00e4hendades samal ajal toidu valmistamiseks kuluvat aega.<br \/>\n\u00b7 Pikk p\u00f5lemisaeg 6-8 tundi v\u00e4hendab kulusid.<br \/>\n\u00b7 Pole s\u00e4demeid.<br \/>\n\u00b7 Naturaalse aroomiga.<br \/>\nMIBRASA s\u00fcsi on nr 1. kvaliteediga toode, spetsiaalne restoranidele.<br \/>\nP\u00e4ritolumaa: Paraguai<\/p>","protected":false},"featured_media":26934,"template":"","meta":{"_acf_changed":false,"inline_featured_image":false},"product_brand":[],"product_cat":[8544],"product_tag":[],"class_list":{"0":"post-26904","1":"product","2":"type-product","3":"status-publish","4":"has-post-thumbnail","6":"product_cat-grillsusi-grillsusi","7":"pa_kaubamark-mibrasa","9":"first","10":"instock","11":"shipping-taxable","12":"purchasable","13":"product-type-simple"},"acf":[],"_links":{"self":[{"href":"https:\/\/farwell.ee\/en\/wp-json\/wp\/v2\/product\/26904","targetHints":{"allow":["GET"]}}],"collection":[{"href":"https:\/\/farwell.ee\/en\/wp-json\/wp\/v2\/product"}],"about":[{"href":"https:\/\/farwell.ee\/en\/wp-json\/wp\/v2\/types\/product"}],"wp:featuredmedia":[{"embeddable":true,"href":"https:\/\/farwell.ee\/en\/wp-json\/wp\/v2\/media\/26934"}],"wp:attachment":[{"href":"https:\/\/farwell.ee\/en\/wp-json\/wp\/v2\/media?parent=26904"}],"wp:term":[{"taxonomy":"product_brand","embeddable":true,"href":"https:\/\/farwell.ee\/en\/wp-json\/wp\/v2\/product_brand?post=26904"},{"taxonomy":"product_cat","embeddable":true,"href":"https:\/\/farwell.ee\/en\/wp-json\/wp\/v2\/product_cat?post=26904"},{"taxonomy":"product_tag","embeddable":true,"href":"https:\/\/farwell.ee\/en\/wp-json\/wp\/v2\/product_tag?post=26904"}],"curies":[{"name":"wp","href":"https:\/\/api.w.org\/{rel}","templated":true}]}}