{"id":26889,"date":"2024-02-05T16:13:45","date_gmt":"2024-02-05T14:13:45","guid":{"rendered":"https:\/\/farwell.ee\/?post_type=product&#038;p=26889"},"modified":"2024-03-01T10:51:44","modified_gmt":"2024-03-01T08:51:44","slug":"pleegitus-valgendusaine-10-kg-ottalin-cl","status":"publish","type":"product","link":"https:\/\/farwell.ee\/en\/product\/pleegitus-valgendusaine-10-kg-ottalin-cl\/","title":{"rendered":"Pleegitus valgendusaine kloorip\u00f5hine 10 kg Ottalin Cl"},"content":{"rendered":"","protected":false},"excerpt":{"rendered":"<ul>\n<li>Tugevalt m\u00e4\u00e4rdunud tekstiilide pleegitamiseks.<\/li>\n<li>Fosfaadi vaba.<\/li>\n<li>Sobib t\u00f5rksate plekkide, nagu karri v\u00f5i muude v\u00fcrtside eemaldamiseks.<\/li>\n<li>Lihtne kasutada.<\/li>\n<\/ul>","protected":false},"featured_media":27493,"template":"","meta":{"_acf_changed":false,"inline_featured_image":false},"product_brand":[],"product_cat":[8487,8489,8513],"product_tag":[],"class_list":{"0":"post-26889","1":"product","2":"type-product","3":"status-publish","4":"has-post-thumbnail","6":"product_cat-pesuained","7":"product_cat-pesumaja-pesuained","8":"product_cat-valgendus-plekieemaldus","10":"first","11":"outofstock","12":"downloadable","13":"shipping-taxable","14":"product-type-simple"},"acf":[],"_links":{"self":[{"href":"https:\/\/farwell.ee\/en\/wp-json\/wp\/v2\/product\/26889","targetHints":{"allow":["GET"]}}],"collection":[{"href":"https:\/\/farwell.ee\/en\/wp-json\/wp\/v2\/product"}],"about":[{"href":"https:\/\/farwell.ee\/en\/wp-json\/wp\/v2\/types\/product"}],"wp:featuredmedia":[{"embeddable":true,"href":"https:\/\/farwell.ee\/en\/wp-json\/wp\/v2\/media\/27493"}],"wp:attachment":[{"href":"https:\/\/farwell.ee\/en\/wp-json\/wp\/v2\/media?parent=26889"}],"wp:term":[{"taxonomy":"product_brand","embeddable":true,"href":"https:\/\/farwell.ee\/en\/wp-json\/wp\/v2\/product_brand?post=26889"},{"taxonomy":"product_cat","embeddable":true,"href":"https:\/\/farwell.ee\/en\/wp-json\/wp\/v2\/product_cat?post=26889"},{"taxonomy":"product_tag","embeddable":true,"href":"https:\/\/farwell.ee\/en\/wp-json\/wp\/v2\/product_tag?post=26889"}],"curies":[{"name":"wp","href":"https:\/\/api.w.org\/{rel}","templated":true}]}}