{"id":26884,"date":"2024-02-05T16:01:27","date_gmt":"2024-02-05T14:01:27","guid":{"rendered":"https:\/\/farwell.ee\/?post_type=product&#038;p=26884"},"modified":"2024-03-01T10:18:01","modified_gmt":"2024-03-01T08:18:01","slug":"loputusaine-24-kg-ottalin-soft-intense","status":"publish","type":"product","link":"https:\/\/farwell.ee\/en\/product\/loputusaine-24-kg-ottalin-soft-intense\/","title":{"rendered":"Loputusaine 24 kg Ottalin Soft Intense"},"content":{"rendered":"","protected":false},"excerpt":{"rendered":"<ul>\n<li>Intensiivse v\u00e4rske l\u00f5hnaga ja pikaajalise toimega kangapehmendaja<\/li>\n<li>Spetsiaalselt kapseldatud ja termostabiilsed parf\u00fc\u00fcmi\u00f5lid (mikrokapslid) vabastavad oma v\u00e4rske l\u00f5hna mitte ainult vahetult p\u00e4rast pesemist, vaid ka kaua p\u00e4rast masinas kuivatamist (l\u00f5hna intensiivsus s\u00f5ltub kuivatamisprotsessist ja doseerimisest)<\/li>\n<li>Mikrokapslid toimivad kapis hoidmisel, l\u00f5hnatihedas pakendis v\u00f5i riiete kandmisel kerge h\u00f5\u00f5rdumise m\u00f5jul aktiveeritud \u201cv\u00e4rskushoidlatena\u201d ja vabastavad meeldiva v\u00e4rske l\u00f5hna.<\/li>\n<li>Kaitseb pesu kuivalt j\u00e4igaksmuutumise eest ja muudab selle pehmemaks, et tekiks m\u00f5nus tunne<\/li>\n<li>Antistaatiline toime<\/li>\n<li>Hoiab \u00e4ra pesu kleepumise trumli seina k\u00fclge, muutes pesu lihtsamalt k\u00e4sitletavaks<\/li>\n<li>Vesi eraldub paremini tsentrifuugimisel, l\u00fchendades kuivamisaega<\/li>\n<li>V\u00e4hem kortsumist muudab triikimise lihtsamaks<\/li>\n<li>Lihtne doseerida<\/li>\n<\/ul>","protected":false},"featured_media":27488,"template":"","meta":{"_acf_changed":false,"inline_featured_image":false},"product_brand":[],"product_cat":[8487,8489,8514],"product_tag":[],"class_list":{"0":"post-26884","1":"product","2":"type-product","3":"status-publish","4":"has-post-thumbnail","6":"product_cat-pesuained","7":"product_cat-pesumaja-pesuained","8":"product_cat-loputusained","10":"first","11":"outofstock","12":"shipping-taxable","13":"product-type-simple"},"acf":[],"_links":{"self":[{"href":"https:\/\/farwell.ee\/en\/wp-json\/wp\/v2\/product\/26884","targetHints":{"allow":["GET"]}}],"collection":[{"href":"https:\/\/farwell.ee\/en\/wp-json\/wp\/v2\/product"}],"about":[{"href":"https:\/\/farwell.ee\/en\/wp-json\/wp\/v2\/types\/product"}],"wp:featuredmedia":[{"embeddable":true,"href":"https:\/\/farwell.ee\/en\/wp-json\/wp\/v2\/media\/27488"}],"wp:attachment":[{"href":"https:\/\/farwell.ee\/en\/wp-json\/wp\/v2\/media?parent=26884"}],"wp:term":[{"taxonomy":"product_brand","embeddable":true,"href":"https:\/\/farwell.ee\/en\/wp-json\/wp\/v2\/product_brand?post=26884"},{"taxonomy":"product_cat","embeddable":true,"href":"https:\/\/farwell.ee\/en\/wp-json\/wp\/v2\/product_cat?post=26884"},{"taxonomy":"product_tag","embeddable":true,"href":"https:\/\/farwell.ee\/en\/wp-json\/wp\/v2\/product_tag?post=26884"}],"curies":[{"name":"wp","href":"https:\/\/api.w.org\/{rel}","templated":true}]}}