{"id":26870,"date":"2024-02-05T13:30:04","date_gmt":"2024-02-05T11:30:04","guid":{"rendered":"https:\/\/farwell.ee\/toode\/veinipokaal-414cl-12tk\/"},"modified":"2026-03-25T12:15:04","modified_gmt":"2026-03-25T10:15:04","slug":"veinipokaal-414cl-12tk","status":"publish","type":"product","link":"https:\/\/farwell.ee\/en\/product\/veinipokaal-414cl-12tk\/","title":{"rendered":"Veinipokaal 46cl Perfection 12tk"},"content":{"rendered":"","protected":false},"excerpt":{"rendered":"<p>LCGlass (endise nimega Libbey) Perception sarja veiniklaasid on vastupidavad, tugevate seintega, tugevdatud servaga ja vastupidava jalaga.<br \/>\n\u00dches t\u00fckis valmistatud punase veini klaas, mis on loodud spetsiaalselt suure k\u00e4ibega ja kiire tempoga restoranit\u00f6\u00f6 jaoks, kus ohutus ja vastupidavus on \u00fclimalt olulised.<br \/>\n\u00dches t\u00fckis pokaal on oma olemuselt tugevam kui \u00fchendatud jala ja paunaga pokaalid.<br \/>\nVeiniklaasi pikem eluiga t\u00e4hendab operaatoritele rohkem kokkuhoidu ja suuremat kasumit portsjoni kohta.<br \/>\nLCGlass annab \u00fches t\u00fckis valmistatud veiniklaasidele eluaegse eksklusiivse Safedge&#8217;i serva ja jala garantii !<\/p>","protected":false},"featured_media":26869,"template":"","meta":{"_acf_changed":false,"inline_featured_image":false},"product_brand":[],"product_cat":[186],"product_tag":[8538,8506,8511,6161],"class_list":{"0":"post-26870","1":"product","2":"type-product","3":"status-publish","4":"has-post-thumbnail","6":"product_cat-veini-ja-vahuveinipokaalid","7":"product_tag-pokaal","8":"product_tag-punase-veini-klaas","9":"product_tag-punase-veini-pokaal","10":"product_tag-veiniklaas","11":"pa_kaubamark-onis","13":"first","14":"instock","15":"shipping-taxable","16":"purchasable","17":"product-type-simple"},"acf":[],"_links":{"self":[{"href":"https:\/\/farwell.ee\/en\/wp-json\/wp\/v2\/product\/26870","targetHints":{"allow":["GET"]}}],"collection":[{"href":"https:\/\/farwell.ee\/en\/wp-json\/wp\/v2\/product"}],"about":[{"href":"https:\/\/farwell.ee\/en\/wp-json\/wp\/v2\/types\/product"}],"wp:featuredmedia":[{"embeddable":true,"href":"https:\/\/farwell.ee\/en\/wp-json\/wp\/v2\/media\/26869"}],"wp:attachment":[{"href":"https:\/\/farwell.ee\/en\/wp-json\/wp\/v2\/media?parent=26870"}],"wp:term":[{"taxonomy":"product_brand","embeddable":true,"href":"https:\/\/farwell.ee\/en\/wp-json\/wp\/v2\/product_brand?post=26870"},{"taxonomy":"product_cat","embeddable":true,"href":"https:\/\/farwell.ee\/en\/wp-json\/wp\/v2\/product_cat?post=26870"},{"taxonomy":"product_tag","embeddable":true,"href":"https:\/\/farwell.ee\/en\/wp-json\/wp\/v2\/product_tag?post=26870"}],"curies":[{"name":"wp","href":"https:\/\/api.w.org\/{rel}","templated":true}]}}