{"id":26742,"date":"2024-02-01T11:49:24","date_gmt":"2024-02-01T09:49:24","guid":{"rendered":"https:\/\/farwell.ee\/?post_type=product&#038;p=26742"},"modified":"2024-03-22T14:01:34","modified_gmt":"2024-03-22T12:01:34","slug":"pesuvahend-24-kg-lanadol-x-press","status":"publish","type":"product","link":"https:\/\/farwell.ee\/en\/product\/pesuvahend-24-kg-lanadol-x-press\/","title":{"rendered":"Pesuvahend 24 kg Lanadol X Press"},"content":{"rendered":"","protected":false},"excerpt":{"rendered":"<ul>\n<li>Lanadol X-PRESS \u00fchendab silmapaistva puhastusj\u00f5u \u00fclima majandusliku efektiivsusega ning v\u00f5itleb suurep\u00e4raselt p\u00fcsiva m\u00e4\u00e4rdumise vastu<\/li>\n<li>V\u00e4ga t\u00f5hus ens\u00fc\u00fcms\u00fcsteem valgu- ja t\u00e4rkliseplekkide eemaldamiseks<\/li>\n<li>Spetsiaalne v\u00e4hevahutav pindaktiivsete ainete s\u00fcsteem v\u00f5imsaks rasva, \u00f5li ja pigmendi eemaldamiseks<\/li>\n<li>Uuenduslik v\u00e4rvikaitses\u00fcsteem takistab v\u00e4rvide \u00fclekandmist<\/li>\n<li>Vananemisvastane\/kiudude silumiss\u00fcsteem tagab s\u00e4ravad v\u00e4rvid ja hoiab \u00e4ra halliks muutumise<\/li>\n<li>Annab tekstiilile meeldiva tekstuuri ja v\u00e4rske l\u00f5hna<\/li>\n<li>Lanadol X-PRESS ei sisalda fosfaate, optilisi valgendeid, EDTA, NTA ja muskuse l\u00f5hnaaineid<\/li>\n<li>Lanadol X-PRESS vastab puhastus- ja puhastusvahendite n\u00f5uetele vastavalt Blue Angel \u00f6kom\u00e4rgise m\u00e4\u00e4rustele m\u00e4rgpuhastuseks<\/li>\n<\/ul>\n<p>&nbsp;<\/p>\n<p><a href=\"https:\/\/farwell.ee\/wp-content\/uploads\/LANADOL-X-PRESS_TK-Farwell.pdf\">LANADOL X-PRESS_TK &#8211; Farwell<\/a><\/p>\n<p>&nbsp;<\/p>","protected":false},"featured_media":27912,"template":"","meta":{"_acf_changed":false,"inline_featured_image":false},"product_brand":[],"product_cat":[8489,8493],"product_tag":[],"class_list":{"0":"post-26742","1":"product","2":"type-product","3":"status-publish","4":"has-post-thumbnail","6":"product_cat-pesumaja-pesuained","7":"product_cat-tekstiilide-pesuained","9":"first","10":"outofstock","11":"shipping-taxable","12":"product-type-simple"},"acf":[],"_links":{"self":[{"href":"https:\/\/farwell.ee\/en\/wp-json\/wp\/v2\/product\/26742","targetHints":{"allow":["GET"]}}],"collection":[{"href":"https:\/\/farwell.ee\/en\/wp-json\/wp\/v2\/product"}],"about":[{"href":"https:\/\/farwell.ee\/en\/wp-json\/wp\/v2\/types\/product"}],"wp:featuredmedia":[{"embeddable":true,"href":"https:\/\/farwell.ee\/en\/wp-json\/wp\/v2\/media\/27912"}],"wp:attachment":[{"href":"https:\/\/farwell.ee\/en\/wp-json\/wp\/v2\/media?parent=26742"}],"wp:term":[{"taxonomy":"product_brand","embeddable":true,"href":"https:\/\/farwell.ee\/en\/wp-json\/wp\/v2\/product_brand?post=26742"},{"taxonomy":"product_cat","embeddable":true,"href":"https:\/\/farwell.ee\/en\/wp-json\/wp\/v2\/product_cat?post=26742"},{"taxonomy":"product_tag","embeddable":true,"href":"https:\/\/farwell.ee\/en\/wp-json\/wp\/v2\/product_tag?post=26742"}],"curies":[{"name":"wp","href":"https:\/\/api.w.org\/{rel}","templated":true}]}}