{"id":26736,"date":"2024-02-01T11:36:26","date_gmt":"2024-02-01T09:36:26","guid":{"rendered":"https:\/\/farwell.ee\/?post_type=product&#038;p=26736"},"modified":"2024-03-01T10:33:01","modified_gmt":"2024-03-01T08:33:01","slug":"loputusaine-24-kg-ottalin-soft","status":"publish","type":"product","link":"https:\/\/farwell.ee\/en\/product\/loputusaine-24-kg-ottalin-soft\/","title":{"rendered":"Loputusaine 24 kg Ottalin Soft"},"content":{"rendered":"","protected":false},"excerpt":{"rendered":"<ul>\n<li>Kaitseb pesu j\u00e4igaks muutumise eest.<\/li>\n<li>Antistaatiline toime.<\/li>\n<li>Annab t\u00f6\u00f6deldud tekstiilidele pehme k\u00e4sitlemise.<\/li>\n<li>Takistab tekstiili kleepumist v\u00e4listrumli ja pressi k\u00fclge, mist\u00f5ttu on kergem v\u00e4ljalaadimine.<\/li>\n<li>Parem vee eraldumine tsentrifuugimisel, l\u00fchem kuivatusts\u00fckkel.<\/li>\n<li>Lihtsam triikimine.<\/li>\n<li>Annab t\u00f6\u00f6deldud tekstiilidele meeldiva l\u00f5hna.<\/li>\n<li>Lihtne doseerida t\u00e4nu madalale viskoossusele.<\/li>\n<li>Puudub reovee reostus.<\/li>\n<\/ul>","protected":false},"featured_media":27491,"template":"","meta":{"_acf_changed":false,"inline_featured_image":false},"product_brand":[],"product_cat":[8514],"product_tag":[],"class_list":{"0":"post-26736","1":"product","2":"type-product","3":"status-publish","4":"has-post-thumbnail","6":"product_cat-loputusained","8":"first","9":"outofstock","10":"shipping-taxable","11":"product-type-simple"},"acf":[],"_links":{"self":[{"href":"https:\/\/farwell.ee\/en\/wp-json\/wp\/v2\/product\/26736","targetHints":{"allow":["GET"]}}],"collection":[{"href":"https:\/\/farwell.ee\/en\/wp-json\/wp\/v2\/product"}],"about":[{"href":"https:\/\/farwell.ee\/en\/wp-json\/wp\/v2\/types\/product"}],"wp:featuredmedia":[{"embeddable":true,"href":"https:\/\/farwell.ee\/en\/wp-json\/wp\/v2\/media\/27491"}],"wp:attachment":[{"href":"https:\/\/farwell.ee\/en\/wp-json\/wp\/v2\/media?parent=26736"}],"wp:term":[{"taxonomy":"product_brand","embeddable":true,"href":"https:\/\/farwell.ee\/en\/wp-json\/wp\/v2\/product_brand?post=26736"},{"taxonomy":"product_cat","embeddable":true,"href":"https:\/\/farwell.ee\/en\/wp-json\/wp\/v2\/product_cat?post=26736"},{"taxonomy":"product_tag","embeddable":true,"href":"https:\/\/farwell.ee\/en\/wp-json\/wp\/v2\/product_tag?post=26736"}],"curies":[{"name":"wp","href":"https:\/\/api.w.org\/{rel}","templated":true}]}}