{"id":26711,"date":"2024-01-31T18:55:22","date_gmt":"2024-01-31T16:55:22","guid":{"rendered":"https:\/\/farwell.ee\/?post_type=product&#038;p=26711"},"modified":"2024-02-12T11:36:58","modified_gmt":"2024-02-12T09:36:58","slug":"gaasipliit-2-poletit-ahi-aluskapp-1200mm","status":"publish","type":"product","link":"https:\/\/farwell.ee\/en\/product\/gaasipliit-2-poletit-ahi-aluskapp-1200mm\/","title":{"rendered":"Gaasipliit +2 p\u00f5letit +ahi +aluskapp, laius 1200mm"},"content":{"rendered":"","protected":false},"excerpt":{"rendered":"<ul>\n<li>Komplektis roostevabast terasest jalad, k\u00f5rgussuunas 50mm ulatuses reguleeritavad<\/li>\n<li>Suure efektiivsusega lillt\u00fc\u00fcpi leegiga p\u00f5letid, pideva v\u00f5imsuse kontrolli ja optimeeritud p\u00f5lemisega<\/li>\n<li>Leegi kustumise valvur on k\u00f5ikide p\u00f5letite standardvarustuses, kaitsmaks ootamatu kustumise eest<\/li>\n<li>Ahjukambris on kolm siinipaari, mis mahutavad 2\/1 GN n\u00f5usid (2 aurupanni)<\/li>\n<li>Ribiline, malmist ahju p\u00f5hjaplaat<\/li>\n<li>V\u00e4lispaneelid roostevabast terasest Scotch Brite pinnaviimistlusega<\/li>\n<li>Potitoed tugevast malmist<\/li>\n<li>Eriti tugev, \u00fches t\u00fckist pressitud \u00fclaosa on 2 mm paksust roostevabast terasest<\/li>\n<li>T\u00e4isnurksed servad v\u00f5imaldavad seadmeid omavahel tihedalt \u00fchendada<\/li>\n<\/ul>\n<p>M\u00f5\u00f5tmed: 1200x730x850 mm<\/p>\n<p>V\u00f5imsus:\u00a0 kolm 6 kW ja \u00fcks 10 kW p\u00f5leti<\/p>\n<p>Kaubam\u00e4rk: Electrolux Professional<\/p>\n<p>Tooteleht: <a href=\"https:\/\/farwell.ee\/wp-content\/uploads\/371010_Estonian.pdf\">371010<\/a><\/p>","protected":false},"featured_media":27058,"template":"","meta":{"_acf_changed":false,"inline_featured_image":false},"product_brand":[],"product_cat":[8505],"product_tag":[],"class_list":{"0":"post-26711","1":"product","2":"type-product","3":"status-publish","4":"has-post-thumbnail","6":"product_cat-pliidid","8":"first","9":"outofstock","10":"shipping-taxable","11":"purchasable","12":"product-type-simple"},"acf":[],"_links":{"self":[{"href":"https:\/\/farwell.ee\/en\/wp-json\/wp\/v2\/product\/26711","targetHints":{"allow":["GET"]}}],"collection":[{"href":"https:\/\/farwell.ee\/en\/wp-json\/wp\/v2\/product"}],"about":[{"href":"https:\/\/farwell.ee\/en\/wp-json\/wp\/v2\/types\/product"}],"wp:featuredmedia":[{"embeddable":true,"href":"https:\/\/farwell.ee\/en\/wp-json\/wp\/v2\/media\/27058"}],"wp:attachment":[{"href":"https:\/\/farwell.ee\/en\/wp-json\/wp\/v2\/media?parent=26711"}],"wp:term":[{"taxonomy":"product_brand","embeddable":true,"href":"https:\/\/farwell.ee\/en\/wp-json\/wp\/v2\/product_brand?post=26711"},{"taxonomy":"product_cat","embeddable":true,"href":"https:\/\/farwell.ee\/en\/wp-json\/wp\/v2\/product_cat?post=26711"},{"taxonomy":"product_tag","embeddable":true,"href":"https:\/\/farwell.ee\/en\/wp-json\/wp\/v2\/product_tag?post=26711"}],"curies":[{"name":"wp","href":"https:\/\/api.w.org\/{rel}","templated":true}]}}