{"id":26704,"date":"2024-01-31T13:42:16","date_gmt":"2024-01-31T11:42:16","guid":{"rendered":"https:\/\/farwell.ee\/?post_type=product&#038;p=26704"},"modified":"2024-09-02T09:02:46","modified_gmt":"2024-09-02T06:02:46","slug":"gaasipliit-7kw-uhtse-kuumutuspinnaga-800mm","status":"publish","type":"product","link":"https:\/\/farwell.ee\/en\/product\/gaasipliit-7kw-uhtse-kuumutuspinnaga-800mm\/","title":{"rendered":"Gaasipliit 7kW \u00fchtse kuumutuspinnaga, laius 800mm"},"content":{"rendered":"","protected":false},"excerpt":{"rendered":"<ul>\n<li>\u00dcks suure efektiivsusega 7kW tsentraalne p\u00f5leti, leegi kustumise<br \/>\nkontrolls\u00fcsteem ja kaitstud pilootleek<\/li>\n<li>Sobib LPG v\u00f5i maagaasiga t\u00f6\u00f6tamiseks<\/li>\n<li>Suur k\u00fcpsetuspind, mille erinevates tsoonides on erinevad temperatuurid<\/li>\n<li>\u00dchtne k\u00fcpsetuspind on valmistatud malmist ja see v\u00f5imaldab \u00fcheaegselt kasutada mitmeid erineva suurusega potte ja panne, mida saab m\u00f6\u00f6da kuumutuspinda liigutada, ilma neid sealt \u00fcles t\u00f5stmata<\/li>\n<li>Roostevabast terasest v\u00e4lispaneelid on Scotch Brite pinnaviimistlusega<\/li>\n<li>\u00dchest t\u00fckist pressitud \u00fclaosa on 1,5mm paksusest roostevaba terasest<\/li>\n<li>T\u00e4isnurksed servad v\u00f5imaldavad seadmeid omavahel tihedalt \u00fchendada<\/li>\n<\/ul>\n<p>M\u00f5\u00f5tmed: 800x730x250 mm<\/p>\n<p>V\u00f5imsus: 7kW<\/p>\n<p>Kaubam\u00e4rk: Electrolux Proffesional<\/p>\n<p>Tooteleht: <a href=\"https:\/\/farwell.ee\/wp-content\/uploads\/371007-1.pdf\">371007<\/a><\/p>","protected":false},"featured_media":27048,"template":"","meta":{"_acf_changed":false,"inline_featured_image":false},"product_brand":[],"product_cat":[8505],"product_tag":[],"class_list":{"0":"post-26704","1":"product","2":"type-product","3":"status-publish","4":"has-post-thumbnail","6":"product_cat-pliidid","8":"first","9":"outofstock","10":"shipping-taxable","11":"purchasable","12":"product-type-simple"},"acf":[],"_links":{"self":[{"href":"https:\/\/farwell.ee\/en\/wp-json\/wp\/v2\/product\/26704","targetHints":{"allow":["GET"]}}],"collection":[{"href":"https:\/\/farwell.ee\/en\/wp-json\/wp\/v2\/product"}],"about":[{"href":"https:\/\/farwell.ee\/en\/wp-json\/wp\/v2\/types\/product"}],"wp:featuredmedia":[{"embeddable":true,"href":"https:\/\/farwell.ee\/en\/wp-json\/wp\/v2\/media\/27048"}],"wp:attachment":[{"href":"https:\/\/farwell.ee\/en\/wp-json\/wp\/v2\/media?parent=26704"}],"wp:term":[{"taxonomy":"product_brand","embeddable":true,"href":"https:\/\/farwell.ee\/en\/wp-json\/wp\/v2\/product_brand?post=26704"},{"taxonomy":"product_cat","embeddable":true,"href":"https:\/\/farwell.ee\/en\/wp-json\/wp\/v2\/product_cat?post=26704"},{"taxonomy":"product_tag","embeddable":true,"href":"https:\/\/farwell.ee\/en\/wp-json\/wp\/v2\/product_tag?post=26704"}],"curies":[{"name":"wp","href":"https:\/\/api.w.org\/{rel}","templated":true}]}}