{"id":26695,"date":"2024-01-31T13:27:43","date_gmt":"2024-01-31T11:27:43","guid":{"rendered":"https:\/\/farwell.ee\/?post_type=product&#038;p=26695"},"modified":"2024-02-12T10:57:50","modified_gmt":"2024-02-12T08:57:50","slug":"elektripliit-4-plaadiga-lauapealne-800mm","status":"publish","type":"product","link":"https:\/\/farwell.ee\/en\/product\/elektripliit-4-plaadiga-lauapealne-800mm\/","title":{"rendered":"Elektripliit 4-plaadiga lauapealne, laius 800mm"},"content":{"rendered":"","protected":false},"excerpt":{"rendered":"<ul>\n<li>Paigaldamiseks avatud alustele, sild t\u00fc\u00fcpi paigaldustele v\u00f5i<br \/>\ntsentraalse toestusega paigaldustele<\/li>\n<li>Neli kandilist 2,6kW malmist kuumutusplaati, hermeetiliselt kinnitatud roostevabast<br \/>\nterasest \u00fclaosa k\u00fclge<\/li>\n<li>Roostevabast terasest v\u00e4lispaneelid on Scotch Brite pinnaviimistlusega<\/li>\n<li>\u00dchest t\u00fckist pressitud \u00fclaosa on 1,5mm paksusest roostevaba terasest<\/li>\n<li>T\u00e4isnurksed servad v\u00f5imaldavad seadmeid omavahel tihedalt \u00fchendada<\/li>\n<\/ul>\n<p>M\u00f5\u00f5tmed: 800x730x250 mm<\/p>\n<p>V\u00f5imsus: 4 x 2.6kW ehk 10,4kW<\/p>\n<p>Kaubam\u00e4rk: Electrolux Professional<\/p>\n<p>Tooteleht:\u00a0<a href=\"https:\/\/farwell.ee\/wp-content\/uploads\/371017.pdf\">371017<\/a><\/p>","protected":false},"featured_media":27037,"template":"","meta":{"_acf_changed":false,"inline_featured_image":false},"product_brand":[],"product_cat":[8505],"product_tag":[],"class_list":{"0":"post-26695","1":"product","2":"type-product","3":"status-publish","4":"has-post-thumbnail","6":"product_cat-pliidid","8":"first","9":"outofstock","10":"shipping-taxable","11":"purchasable","12":"product-type-simple"},"acf":[],"_links":{"self":[{"href":"https:\/\/farwell.ee\/en\/wp-json\/wp\/v2\/product\/26695","targetHints":{"allow":["GET"]}}],"collection":[{"href":"https:\/\/farwell.ee\/en\/wp-json\/wp\/v2\/product"}],"about":[{"href":"https:\/\/farwell.ee\/en\/wp-json\/wp\/v2\/types\/product"}],"wp:featuredmedia":[{"embeddable":true,"href":"https:\/\/farwell.ee\/en\/wp-json\/wp\/v2\/media\/27037"}],"wp:attachment":[{"href":"https:\/\/farwell.ee\/en\/wp-json\/wp\/v2\/media?parent=26695"}],"wp:term":[{"taxonomy":"product_brand","embeddable":true,"href":"https:\/\/farwell.ee\/en\/wp-json\/wp\/v2\/product_brand?post=26695"},{"taxonomy":"product_cat","embeddable":true,"href":"https:\/\/farwell.ee\/en\/wp-json\/wp\/v2\/product_cat?post=26695"},{"taxonomy":"product_tag","embeddable":true,"href":"https:\/\/farwell.ee\/en\/wp-json\/wp\/v2\/product_tag?post=26695"}],"curies":[{"name":"wp","href":"https:\/\/api.w.org\/{rel}","templated":true}]}}