{"id":26688,"date":"2024-01-31T13:12:54","date_gmt":"2024-01-31T11:12:54","guid":{"rendered":"https:\/\/farwell.ee\/?post_type=product&#038;p=26688"},"modified":"2024-02-12T11:26:55","modified_gmt":"2024-02-12T09:26:55","slug":"gaasipliit-4-poletiga-lauapealne-800mm","status":"publish","type":"product","link":"https:\/\/farwell.ee\/en\/product\/gaasipliit-4-poletiga-lauapealne-800mm\/","title":{"rendered":"Gaasipliit 4-p\u00f5letiga lauapealne, laius 800mm"},"content":{"rendered":"","protected":false},"excerpt":{"rendered":"<ul>\n<li>Paigaldamiseks avatud alustele, sild t\u00fc\u00fcpi paigaldustele v\u00f5i tsentraalse toestusega paigaldustele<\/li>\n<li>Suure efektiivsusega lill t\u00fc\u00fcpi leegiga p\u00f5letid, leegi suuruse reguleerimise ja kaitstud pilootleegiga<\/li>\n<li>Leegi kustumise kontrolls\u00fcsteem on p\u00f5letitel standardvarustuses<\/li>\n<li>Roostevabast terasest v\u00e4lispaneelid on Scotch Brite pinnaviimistlusega<\/li>\n<li>Potitoed on valmistatud tugevast malmist<\/li>\n<li>\u00dchest t\u00fckist pressitud \u00fclaosa on 1,5mm paksusest roostevaba terasest<\/li>\n<li>T\u00e4isnurksed servad v\u00f5imaldavad seadmeid omavahel tihedalt \u00fchendada<\/li>\n<\/ul>\n<p>M\u00f5\u00f5tmed: 800x730x250 mm<\/p>\n<p>V\u00f5imsus: neli 5.5 kW p\u00f5letit<\/p>\n<p>Kaubam\u00e4rk: Electrolux Professional<\/p>\n<p>Tooteleht:\u00a0<a href=\"https:\/\/farwell.ee\/wp-content\/uploads\/371001.pdf\">371001<\/a><\/p>","protected":false},"featured_media":27051,"template":"","meta":{"_acf_changed":false,"inline_featured_image":false},"product_brand":[],"product_cat":[8505],"product_tag":[],"class_list":{"0":"post-26688","1":"product","2":"type-product","3":"status-publish","4":"has-post-thumbnail","6":"product_cat-pliidid","8":"first","9":"outofstock","10":"shipping-taxable","11":"purchasable","12":"product-type-simple"},"acf":[],"_links":{"self":[{"href":"https:\/\/farwell.ee\/en\/wp-json\/wp\/v2\/product\/26688","targetHints":{"allow":["GET"]}}],"collection":[{"href":"https:\/\/farwell.ee\/en\/wp-json\/wp\/v2\/product"}],"about":[{"href":"https:\/\/farwell.ee\/en\/wp-json\/wp\/v2\/types\/product"}],"wp:featuredmedia":[{"embeddable":true,"href":"https:\/\/farwell.ee\/en\/wp-json\/wp\/v2\/media\/27051"}],"wp:attachment":[{"href":"https:\/\/farwell.ee\/en\/wp-json\/wp\/v2\/media?parent=26688"}],"wp:term":[{"taxonomy":"product_brand","embeddable":true,"href":"https:\/\/farwell.ee\/en\/wp-json\/wp\/v2\/product_brand?post=26688"},{"taxonomy":"product_cat","embeddable":true,"href":"https:\/\/farwell.ee\/en\/wp-json\/wp\/v2\/product_cat?post=26688"},{"taxonomy":"product_tag","embeddable":true,"href":"https:\/\/farwell.ee\/en\/wp-json\/wp\/v2\/product_tag?post=26688"}],"curies":[{"name":"wp","href":"https:\/\/api.w.org\/{rel}","templated":true}]}}