{"id":26570,"date":"2024-01-25T10:15:04","date_gmt":"2024-01-25T08:15:04","guid":{"rendered":"https:\/\/farwell.ee\/toode\/prugikast-30l-pedaaliga\/"},"modified":"2026-01-09T10:45:11","modified_gmt":"2026-01-09T08:45:11","slug":"prugikast-30l-pedaaliga","status":"publish","type":"product","link":"https:\/\/farwell.ee\/en\/product\/prugikast-30l-pedaaliga\/","title":{"rendered":"Pr\u00fcgikast 30L pedaaliga"},"content":{"rendered":"","protected":false},"excerpt":{"rendered":"<p>Korpus roostevabast terasest.<br \/>\nPoleeritud v\u00e4lispind.<br \/>\nMugav h\u00fcgieeniline avamine.<br \/>\nLibisemisvastase pinnakattega pedaal.<br \/>\nUuenduslik &#8220;click lock&#8221;-t\u00fc\u00fcpi mehhanism, mis avamisel fikseerib kasti kaane.<br \/>\nSisemine pol\u00fcprop\u00fcleenist elastne konteiner topelt k\u00e4epidemetega, mis blokeerib pr\u00fcgikoti.<\/p>","protected":false},"featured_media":26569,"template":"","meta":{"_acf_changed":false,"inline_featured_image":false},"product_brand":[],"product_cat":[160],"product_tag":[],"class_list":{"0":"post-26570","1":"product","2":"type-product","3":"status-publish","4":"has-post-thumbnail","6":"product_cat-prugikonteinerid","7":"pa_kaubamark-hendi","9":"first","10":"outofstock","11":"shipping-taxable","12":"purchasable","13":"product-type-simple"},"acf":[],"_links":{"self":[{"href":"https:\/\/farwell.ee\/en\/wp-json\/wp\/v2\/product\/26570","targetHints":{"allow":["GET"]}}],"collection":[{"href":"https:\/\/farwell.ee\/en\/wp-json\/wp\/v2\/product"}],"about":[{"href":"https:\/\/farwell.ee\/en\/wp-json\/wp\/v2\/types\/product"}],"wp:featuredmedia":[{"embeddable":true,"href":"https:\/\/farwell.ee\/en\/wp-json\/wp\/v2\/media\/26569"}],"wp:attachment":[{"href":"https:\/\/farwell.ee\/en\/wp-json\/wp\/v2\/media?parent=26570"}],"wp:term":[{"taxonomy":"product_brand","embeddable":true,"href":"https:\/\/farwell.ee\/en\/wp-json\/wp\/v2\/product_brand?post=26570"},{"taxonomy":"product_cat","embeddable":true,"href":"https:\/\/farwell.ee\/en\/wp-json\/wp\/v2\/product_cat?post=26570"},{"taxonomy":"product_tag","embeddable":true,"href":"https:\/\/farwell.ee\/en\/wp-json\/wp\/v2\/product_tag?post=26570"}],"curies":[{"name":"wp","href":"https:\/\/api.w.org\/{rel}","templated":true}]}}