{"id":26557,"date":"2024-01-24T16:15:05","date_gmt":"2024-01-24T14:15:05","guid":{"rendered":"https:\/\/farwell.ee\/toode\/pitsaloikur-115x185x35mm-jalgratas\/"},"modified":"2026-01-28T13:30:04","modified_gmt":"2026-01-28T11:30:04","slug":"pitsaloikur-115x185x35mm-jalgratas","status":"publish","type":"product","link":"https:\/\/farwell.ee\/en\/product\/pitsaloikur-115x185x35mm-jalgratas\/","title":{"rendered":"Pitsal\u00f5ikur 115x185x35mm &#8220;Jalgratas&#8221;"},"content":{"rendered":"","protected":false},"excerpt":{"rendered":"<p>Suurep\u00e4rane kingiidee k\u00f5igile ratta- ja pitsas\u00f5pradele!<\/p>\n<p>Mittenakkuva kattega rattad l\u00f5ikavad lihtsalt pitsat v\u00f5i pannkooki.<br \/>\nLihtne hooldada: p\u00e4rast kasutamist peske kettad k\u00e4sitsi sooja vee ja n\u00f5udepesuvahendiga ja parkige ratas n\u00e4htavale kohale rattaaluse peale kuivama.<br \/>\nKui ratast ei kasutata, asetage see kaasasolevale rattaalusele \u2013 see on t\u00f5eline pilgup\u00fc\u00fcdja igas k\u00f6\u00f6gis!<br \/>\nSoovitame ainult k\u00e4sipesu !<\/p>","protected":false},"featured_media":26553,"template":"","meta":{"_acf_changed":false,"inline_featured_image":false},"product_brand":[],"product_cat":[154],"product_tag":[],"class_list":{"0":"post-26557","1":"product","2":"type-product","3":"status-publish","4":"has-post-thumbnail","6":"product_cat-pizzatarvikud","7":"pa_kaubamark-westmark","9":"first","10":"outofstock","11":"shipping-taxable","12":"purchasable","13":"product-type-simple"},"acf":[],"_links":{"self":[{"href":"https:\/\/farwell.ee\/en\/wp-json\/wp\/v2\/product\/26557","targetHints":{"allow":["GET"]}}],"collection":[{"href":"https:\/\/farwell.ee\/en\/wp-json\/wp\/v2\/product"}],"about":[{"href":"https:\/\/farwell.ee\/en\/wp-json\/wp\/v2\/types\/product"}],"wp:featuredmedia":[{"embeddable":true,"href":"https:\/\/farwell.ee\/en\/wp-json\/wp\/v2\/media\/26553"}],"wp:attachment":[{"href":"https:\/\/farwell.ee\/en\/wp-json\/wp\/v2\/media?parent=26557"}],"wp:term":[{"taxonomy":"product_brand","embeddable":true,"href":"https:\/\/farwell.ee\/en\/wp-json\/wp\/v2\/product_brand?post=26557"},{"taxonomy":"product_cat","embeddable":true,"href":"https:\/\/farwell.ee\/en\/wp-json\/wp\/v2\/product_cat?post=26557"},{"taxonomy":"product_tag","embeddable":true,"href":"https:\/\/farwell.ee\/en\/wp-json\/wp\/v2\/product_tag?post=26557"}],"curies":[{"name":"wp","href":"https:\/\/api.w.org\/{rel}","templated":true}]}}