{"id":26529,"date":"2024-01-24T11:15:06","date_gmt":"2024-01-24T09:15:06","guid":{"rendered":"https:\/\/farwell.ee\/toode\/magnetliist-32cm-konksudega\/"},"modified":"2025-07-01T14:30:06","modified_gmt":"2025-07-01T11:30:06","slug":"magnetliist-32cm-konksudega","status":"publish","type":"product","link":"https:\/\/farwell.ee\/en\/product\/magnetliist-32cm-konksudega\/","title":{"rendered":"Magnetliist 32cm konksudega"},"content":{"rendered":"","protected":false},"excerpt":{"rendered":"<p>Kaasas on 6 konksu, mille k\u00fclge saab riputada n\u00e4iteks k\u00e4\u00e4rid, pintsetid jms.<br \/>\nPakendis on kaasas kruvid ja t\u00fc\u00fcblid kinnitamiseks.<br \/>\nNoamagnet tuleb alati kruvidega kindlalt kinnitada &#8211; liimid v\u00f5i kahepoolsed teibid ei taga kindlat hoidmist.<\/p>","protected":false},"featured_media":26525,"template":"","meta":{"_acf_changed":false,"inline_featured_image":false},"product_brand":[],"product_cat":[140],"product_tag":[],"class_list":{"0":"post-26529","1":"product","2":"type-product","3":"status-publish","4":"has-post-thumbnail","6":"product_cat-kooginoad","7":"pa_kaubamark-grunwerg","9":"first","10":"outofstock","11":"shipping-taxable","12":"purchasable","13":"product-type-simple"},"acf":[],"_links":{"self":[{"href":"https:\/\/farwell.ee\/en\/wp-json\/wp\/v2\/product\/26529","targetHints":{"allow":["GET"]}}],"collection":[{"href":"https:\/\/farwell.ee\/en\/wp-json\/wp\/v2\/product"}],"about":[{"href":"https:\/\/farwell.ee\/en\/wp-json\/wp\/v2\/types\/product"}],"wp:featuredmedia":[{"embeddable":true,"href":"https:\/\/farwell.ee\/en\/wp-json\/wp\/v2\/media\/26525"}],"wp:attachment":[{"href":"https:\/\/farwell.ee\/en\/wp-json\/wp\/v2\/media?parent=26529"}],"wp:term":[{"taxonomy":"product_brand","embeddable":true,"href":"https:\/\/farwell.ee\/en\/wp-json\/wp\/v2\/product_brand?post=26529"},{"taxonomy":"product_cat","embeddable":true,"href":"https:\/\/farwell.ee\/en\/wp-json\/wp\/v2\/product_cat?post=26529"},{"taxonomy":"product_tag","embeddable":true,"href":"https:\/\/farwell.ee\/en\/wp-json\/wp\/v2\/product_tag?post=26529"}],"curies":[{"name":"wp","href":"https:\/\/api.w.org\/{rel}","templated":true}]}}