{"id":26164,"date":"2024-01-03T13:45:04","date_gmt":"2024-01-03T11:45:04","guid":{"rendered":"https:\/\/farwell.ee\/toode\/ratastega-alus-60x40cm-termokastidele-gobox-cambro\/"},"modified":"2026-03-18T10:45:03","modified_gmt":"2026-03-18T08:45:03","slug":"ratastega-alus-70x50cm-termokappidele-epp4060-gobox-cambro","status":"publish","type":"product","link":"https:\/\/farwell.ee\/en\/product\/ratastega-alus-70x50cm-termokappidele-epp4060-gobox-cambro\/","title":{"rendered":"Ratastega alus 70x50cm termokappidele EPP4060 GoBox Cambro"},"content":{"rendered":"","protected":false},"excerpt":{"rendered":"<p>Sobib aluseks EPP4060 m\u00f5\u00f5dus Cambro GoBox termokastidele ja -kappidele ning multifunktsionaalsele isoleeritud konteinerile.<br \/>\nTugevast ABS-plastikust.<br \/>\n4 p\u00f6\u00f6ravat ratast, millest 2 on piduriga.<br \/>\nV\u00e4lism\u00f5\u00f5dud: 71x51x16,7cm.<br \/>\nSisem\u00f5\u00f5dud: 70x50cm.<br \/>\nKandev\u00f5ime 250kg.<br \/>\nKaal 5,27kg.<\/p>","protected":false},"featured_media":38683,"template":"","meta":{"_acf_changed":false,"inline_featured_image":false},"product_brand":[],"product_cat":[5554],"product_tag":[],"class_list":{"0":"post-26164","1":"product","2":"type-product","3":"status-publish","4":"has-post-thumbnail","6":"product_cat-termokastid-ja-termokapid","7":"pa_kaubamark-cambro","9":"first","10":"instock","11":"shipping-taxable","12":"purchasable","13":"product-type-simple"},"acf":[],"_links":{"self":[{"href":"https:\/\/farwell.ee\/en\/wp-json\/wp\/v2\/product\/26164","targetHints":{"allow":["GET"]}}],"collection":[{"href":"https:\/\/farwell.ee\/en\/wp-json\/wp\/v2\/product"}],"about":[{"href":"https:\/\/farwell.ee\/en\/wp-json\/wp\/v2\/types\/product"}],"wp:featuredmedia":[{"embeddable":true,"href":"https:\/\/farwell.ee\/en\/wp-json\/wp\/v2\/media\/38683"}],"wp:attachment":[{"href":"https:\/\/farwell.ee\/en\/wp-json\/wp\/v2\/media?parent=26164"}],"wp:term":[{"taxonomy":"product_brand","embeddable":true,"href":"https:\/\/farwell.ee\/en\/wp-json\/wp\/v2\/product_brand?post=26164"},{"taxonomy":"product_cat","embeddable":true,"href":"https:\/\/farwell.ee\/en\/wp-json\/wp\/v2\/product_cat?post=26164"},{"taxonomy":"product_tag","embeddable":true,"href":"https:\/\/farwell.ee\/en\/wp-json\/wp\/v2\/product_tag?post=26164"}],"curies":[{"name":"wp","href":"https:\/\/api.w.org\/{rel}","templated":true}]}}