{"id":26148,"date":"2024-01-03T11:30:04","date_gmt":"2024-01-03T09:30:04","guid":{"rendered":"https:\/\/farwell.ee\/toode\/koogikaru-910x590x1260mm-4-tasapinnaga-kokkupandav\/"},"modified":"2026-01-09T10:45:11","modified_gmt":"2026-01-09T08:45:11","slug":"koogikaru-910x590x1260mm-4-tasapinnaga-kokkupandav","status":"publish","type":"product","link":"https:\/\/farwell.ee\/en\/product\/koogikaru-910x590x1260mm-4-tasapinnaga-kokkupandav\/","title":{"rendered":"K\u00f6\u00f6gik\u00e4ru 910x590x1260mm 4-tasapinnaga, kokkupandav"},"content":{"rendered":"","protected":false},"excerpt":{"rendered":"<p>Roostevabast terasest 4-riiuliga k\u00f6\u00f6gik\u00e4ru.<br \/>\nKokkupandav.<br \/>\nM\u00f5\u00f5dud: 910x590x1260mm.<br \/>\nTasapinna m\u00f5\u00f5tmed: 830x510mm.<br \/>\nMaksimaalne koormus riiuli kohta 50kg.<br \/>\nLauaplaatide alla on kleebitud heli isoleeriv materjal.<br \/>\n4 p\u00f6\u00f6rlevat ratast, 2 pidurit.<br \/>\n\u00dcmardatud servad.<br \/>\nVahemaa riiulite vahel 267mm.<br \/>\nKaal 18,47kg.<\/p>","protected":false},"featured_media":26147,"template":"","meta":{"_acf_changed":false,"inline_featured_image":false},"product_brand":[],"product_cat":[6371],"product_tag":[],"class_list":{"0":"post-26148","1":"product","2":"type-product","3":"status-publish","4":"has-post-thumbnail","6":"product_cat-koogikarud-ja-togid","7":"pa_kaubamark-hendi","9":"first","10":"outofstock","11":"shipping-taxable","12":"purchasable","13":"product-type-simple"},"acf":[],"_links":{"self":[{"href":"https:\/\/farwell.ee\/en\/wp-json\/wp\/v2\/product\/26148","targetHints":{"allow":["GET"]}}],"collection":[{"href":"https:\/\/farwell.ee\/en\/wp-json\/wp\/v2\/product"}],"about":[{"href":"https:\/\/farwell.ee\/en\/wp-json\/wp\/v2\/types\/product"}],"wp:featuredmedia":[{"embeddable":true,"href":"https:\/\/farwell.ee\/en\/wp-json\/wp\/v2\/media\/26147"}],"wp:attachment":[{"href":"https:\/\/farwell.ee\/en\/wp-json\/wp\/v2\/media?parent=26148"}],"wp:term":[{"taxonomy":"product_brand","embeddable":true,"href":"https:\/\/farwell.ee\/en\/wp-json\/wp\/v2\/product_brand?post=26148"},{"taxonomy":"product_cat","embeddable":true,"href":"https:\/\/farwell.ee\/en\/wp-json\/wp\/v2\/product_cat?post=26148"},{"taxonomy":"product_tag","embeddable":true,"href":"https:\/\/farwell.ee\/en\/wp-json\/wp\/v2\/product_tag?post=26148"}],"curies":[{"name":"wp","href":"https:\/\/api.w.org\/{rel}","templated":true}]}}