{"id":26004,"date":"2023-12-28T10:00:04","date_gmt":"2023-12-28T08:00:04","guid":{"rendered":"https:\/\/farwell.ee\/toode\/raclette-labidas-165cm-2\/"},"modified":"2026-01-18T17:30:03","modified_gmt":"2026-01-18T15:30:03","slug":"raclette-labidas-165cm-2","status":"publish","type":"product","link":"https:\/\/farwell.ee\/en\/product\/raclette-labidas-165cm-2\/","title":{"rendered":"Raclette-labidas 16,5cm"},"content":{"rendered":"","protected":false},"excerpt":{"rendered":"<p>Kuumuskindel rakletilabidas, temp.taluvus max. + 210 C.<br \/>\nMasinpestav.<br \/>\nSobib ka munapannil k\u00fcpsetatud munade ja pliinide \u00fcmberp\u00f6\u00f6ramiseks.<\/p>","protected":false},"featured_media":30770,"template":"","meta":{"_acf_changed":false,"inline_featured_image":false},"product_brand":[],"product_cat":[159],"product_tag":[],"class_list":{"0":"post-26004","1":"product","2":"type-product","3":"status-publish","4":"has-post-thumbnail","6":"product_cat-praelabidad-puidust-lusikad","7":"pa_kaubamark-westmark","9":"first","10":"outofstock","11":"shipping-taxable","12":"purchasable","13":"product-type-simple"},"acf":[],"_links":{"self":[{"href":"https:\/\/farwell.ee\/en\/wp-json\/wp\/v2\/product\/26004","targetHints":{"allow":["GET"]}}],"collection":[{"href":"https:\/\/farwell.ee\/en\/wp-json\/wp\/v2\/product"}],"about":[{"href":"https:\/\/farwell.ee\/en\/wp-json\/wp\/v2\/types\/product"}],"wp:featuredmedia":[{"embeddable":true,"href":"https:\/\/farwell.ee\/en\/wp-json\/wp\/v2\/media\/30770"}],"wp:attachment":[{"href":"https:\/\/farwell.ee\/en\/wp-json\/wp\/v2\/media?parent=26004"}],"wp:term":[{"taxonomy":"product_brand","embeddable":true,"href":"https:\/\/farwell.ee\/en\/wp-json\/wp\/v2\/product_brand?post=26004"},{"taxonomy":"product_cat","embeddable":true,"href":"https:\/\/farwell.ee\/en\/wp-json\/wp\/v2\/product_cat?post=26004"},{"taxonomy":"product_tag","embeddable":true,"href":"https:\/\/farwell.ee\/en\/wp-json\/wp\/v2\/product_tag?post=26004"}],"curies":[{"name":"wp","href":"https:\/\/api.w.org\/{rel}","templated":true}]}}