{"id":25842,"date":"2023-12-18T10:45:04","date_gmt":"2023-12-18T08:45:04","guid":{"rendered":"https:\/\/farwell.ee\/toode\/supitaldrik-28cm-matrix-glaze-vista-alegre\/"},"modified":"2026-03-02T13:15:03","modified_gmt":"2026-03-02T11:15:03","slug":"supitaldrik-28cm-matrix-glaze-vista-alegre","status":"publish","type":"product","link":"https:\/\/farwell.ee\/en\/product\/supitaldrik-28cm-matrix-glaze-vista-alegre\/","title":{"rendered":"Supitaldrik 28cm Matrix Glazed"},"content":{"rendered":"","protected":false},"excerpt":{"rendered":"<p>Elegantne ja pilkup\u00fc\u00fcdev fine-dine taldrik, mille serv j\u00e4ljendab kristalset struktuuri.<br \/>\nTaldriku pind on \u00fcleni glasuuritud.<\/p>","protected":false},"featured_media":25848,"template":"","meta":{"_acf_changed":false,"inline_featured_image":false},"product_brand":[],"product_cat":[176],"product_tag":[],"class_list":{"0":"post-25842","1":"product","2":"type-product","3":"status-publish","4":"has-post-thumbnail","6":"product_cat-taldrikud","7":"pa_kaubamark-vista-alegre","9":"first","10":"instock","11":"shipping-taxable","12":"purchasable","13":"product-type-simple"},"acf":[],"_links":{"self":[{"href":"https:\/\/farwell.ee\/en\/wp-json\/wp\/v2\/product\/25842","targetHints":{"allow":["GET"]}}],"collection":[{"href":"https:\/\/farwell.ee\/en\/wp-json\/wp\/v2\/product"}],"about":[{"href":"https:\/\/farwell.ee\/en\/wp-json\/wp\/v2\/types\/product"}],"wp:featuredmedia":[{"embeddable":true,"href":"https:\/\/farwell.ee\/en\/wp-json\/wp\/v2\/media\/25848"}],"wp:attachment":[{"href":"https:\/\/farwell.ee\/en\/wp-json\/wp\/v2\/media?parent=25842"}],"wp:term":[{"taxonomy":"product_brand","embeddable":true,"href":"https:\/\/farwell.ee\/en\/wp-json\/wp\/v2\/product_brand?post=25842"},{"taxonomy":"product_cat","embeddable":true,"href":"https:\/\/farwell.ee\/en\/wp-json\/wp\/v2\/product_cat?post=25842"},{"taxonomy":"product_tag","embeddable":true,"href":"https:\/\/farwell.ee\/en\/wp-json\/wp\/v2\/product_tag?post=25842"}],"curies":[{"name":"wp","href":"https:\/\/api.w.org\/{rel}","templated":true}]}}