{"id":25808,"date":"2023-12-15T10:15:06","date_gmt":"2023-12-15T08:15:06","guid":{"rendered":"https:\/\/farwell.ee\/toode\/kokanuga-165cm-nakiri-3-kihiline-sg-2\/"},"modified":"2025-07-31T19:00:05","modified_gmt":"2025-07-31T16:00:05","slug":"kokanuga-165cm-nakiri-3-kihiline-sg-2","status":"publish","type":"product","link":"https:\/\/farwell.ee\/en\/product\/kokanuga-165cm-nakiri-3-kihiline-sg-2\/","title":{"rendered":"Kokanuga 16,5cm Nakiri 3-kihiline SG-2 Ketu"},"content":{"rendered":"","protected":false},"excerpt":{"rendered":"<p>Jaapani kokanoa tuumikmaterjal SG-2 \u201emikrokarbiid pulberteras\u201c koosneb koobaltist, mol\u00fcbdeenist, vanaadiumist ja s\u00fcsinikust.<br \/>\nTera k\u00f5vadus Rockwelli skaalas HRC63.<br \/>\nKetu sarja kokanoa teritusnurk on 10 kraadi.<br \/>\nSG-2 k\u00f5rgs\u00fcsinikteras on kaetud m\u00f5lemalt poolt 1-kihilise mol\u00fcbdeen-vanaadium roostevaba terase kihiga, mis annab nugadele vajaliku stabiilsuse ja roostekindluse.<br \/>\nTera vasardatud <em>&#8220;tsuchime&#8221;<\/em> pinnat\u00f6\u00f6tlus tagab, et iga nuga on kordumatu v\u00e4limusega.<\/p>\n<p>K\u00e4epide on valmistatud pakka-puust. Alusena on kasutatud p\u00f6\u00f6kpuitu ning sellel on mustjas-kuldpruun v\u00e4rv.<br \/>\nPakka-puit on laminaat e. komposiitmaterjal, mis on valmistatud \u00f5hukestest puidukihtidest, mis on immutatud tugeva s\u00fcnteetilise vaiguga.<br \/>\nSellisel tehnoloogial valmistatud k\u00e4epide on v\u00e4ga tugev.<br \/>\nDekoratiivne Jaapani samuraide mosaiikn\u00f5el k\u00e4epidemel ja graveering k\u00e4epideme otsas muudavad selle kokanoa veelgi elegantsemaks.<br \/>\nK\u00e4epideme ots on valmistatud roostevabast terasest, mis annab noale v\u00e4ljapaistva stabiilsuse ja tasakaalu.<\/p>\n<p>Ketu on soodsam alternatiiv kallitele Gou ja Super Gou sarjadele.<\/p>\n<p>S\u00f5na KETU t\u00e4hendab t\u00f5lkes &#8220;lihtne ja veatu&#8221;.<\/p>\n<p>Valmistatud Jaapanis.<\/p>","protected":false},"featured_media":25804,"template":"","meta":{"_acf_changed":false,"inline_featured_image":false},"product_brand":[],"product_cat":[140],"product_tag":[],"class_list":{"0":"post-25808","1":"product","2":"type-product","3":"status-publish","4":"has-post-thumbnail","6":"product_cat-kooginoad","7":"pa_kaubamark-yaxell","9":"first","10":"outofstock","11":"shipping-taxable","12":"purchasable","13":"product-type-simple"},"acf":[],"_links":{"self":[{"href":"https:\/\/farwell.ee\/en\/wp-json\/wp\/v2\/product\/25808","targetHints":{"allow":["GET"]}}],"collection":[{"href":"https:\/\/farwell.ee\/en\/wp-json\/wp\/v2\/product"}],"about":[{"href":"https:\/\/farwell.ee\/en\/wp-json\/wp\/v2\/types\/product"}],"wp:featuredmedia":[{"embeddable":true,"href":"https:\/\/farwell.ee\/en\/wp-json\/wp\/v2\/media\/25804"}],"wp:attachment":[{"href":"https:\/\/farwell.ee\/en\/wp-json\/wp\/v2\/media?parent=25808"}],"wp:term":[{"taxonomy":"product_brand","embeddable":true,"href":"https:\/\/farwell.ee\/en\/wp-json\/wp\/v2\/product_brand?post=25808"},{"taxonomy":"product_cat","embeddable":true,"href":"https:\/\/farwell.ee\/en\/wp-json\/wp\/v2\/product_cat?post=25808"},{"taxonomy":"product_tag","embeddable":true,"href":"https:\/\/farwell.ee\/en\/wp-json\/wp\/v2\/product_tag?post=25808"}],"curies":[{"name":"wp","href":"https:\/\/api.w.org\/{rel}","templated":true}]}}