{"id":25700,"date":"2023-12-14T11:00:04","date_gmt":"2023-12-14T09:00:04","guid":{"rendered":"https:\/\/farwell.ee\/toode\/juurvilja-spiraalloikur-ehk-nuudlimasin-3-teraga\/"},"modified":"2025-08-14T12:15:04","modified_gmt":"2025-08-14T09:15:04","slug":"juurvilja-spiraalloikur-ehk-nuudlimasin-3-teraga","status":"publish","type":"product","link":"https:\/\/farwell.ee\/en\/product\/juurvilja-spiraalloikur-ehk-nuudlimasin-3-teraga\/","title":{"rendered":"K\u00f6\u00f6givilja spiraall\u00f5ikur ehk nuudlimasin 4-teraga"},"content":{"rendered":"","protected":false},"excerpt":{"rendered":"<p>V\u00e4ikese suurusega juurvilja spiraall\u00f5ikuril on neli vahetatavat tera ja \u00fcks fikseeritud tera, millega saab kahe erineva laiusega spagette ja kolme erineva laiusega laiemaid ribasid.<br \/>\nTugev iminapa kinnitus hoiab l\u00f5ikurit kindlalt laual.<\/p>","protected":false},"featured_media":25698,"template":"","meta":{"_acf_changed":false,"inline_featured_image":false},"product_brand":[],"product_cat":[163],"product_tag":[6529,9705],"class_list":{"0":"post-25700","1":"product","2":"type-product","3":"status-publish","4":"has-post-thumbnail","6":"product_cat-riivid-koorijad-ja-pureestajad","7":"product_tag-juurvilja-spiraalloikur","8":"product_tag-juurviljaloikur","9":"pa_kaubamark-ibili","11":"first","12":"outofstock","13":"shipping-taxable","14":"purchasable","15":"product-type-simple"},"acf":[],"_links":{"self":[{"href":"https:\/\/farwell.ee\/en\/wp-json\/wp\/v2\/product\/25700","targetHints":{"allow":["GET"]}}],"collection":[{"href":"https:\/\/farwell.ee\/en\/wp-json\/wp\/v2\/product"}],"about":[{"href":"https:\/\/farwell.ee\/en\/wp-json\/wp\/v2\/types\/product"}],"wp:featuredmedia":[{"embeddable":true,"href":"https:\/\/farwell.ee\/en\/wp-json\/wp\/v2\/media\/25698"}],"wp:attachment":[{"href":"https:\/\/farwell.ee\/en\/wp-json\/wp\/v2\/media?parent=25700"}],"wp:term":[{"taxonomy":"product_brand","embeddable":true,"href":"https:\/\/farwell.ee\/en\/wp-json\/wp\/v2\/product_brand?post=25700"},{"taxonomy":"product_cat","embeddable":true,"href":"https:\/\/farwell.ee\/en\/wp-json\/wp\/v2\/product_cat?post=25700"},{"taxonomy":"product_tag","embeddable":true,"href":"https:\/\/farwell.ee\/en\/wp-json\/wp\/v2\/product_tag?post=25700"}],"curies":[{"name":"wp","href":"https:\/\/api.w.org\/{rel}","templated":true}]}}