{"id":25064,"date":"2023-11-29T15:30:05","date_gmt":"2023-11-29T13:30:05","guid":{"rendered":"https:\/\/farwell.ee\/toode\/termokast-35l-kanderihmaga-pudelite-transpordiks\/"},"modified":"2026-02-17T13:30:05","modified_gmt":"2026-02-17T11:30:05","slug":"termokast-35l-kanderihmaga-pudelite-transpordiks","status":"publish","type":"product","link":"https:\/\/farwell.ee\/en\/product\/termokast-35l-kanderihmaga-pudelite-transpordiks\/","title":{"rendered":"Termokast 35L kanderihmaga pudelite transpordiks"},"content":{"rendered":"","protected":false},"excerpt":{"rendered":"<p>Termokast pudelite transpordiks.<br \/>\nPlastikust musta kanderihmaga.<br \/>\nV\u00e4lism\u00f5\u00f5dud 420x335x420mm.<br \/>\nSisem\u00f5\u00f5dud 358x273x367mm.<br \/>\nKaal 1,02kg.<br \/>\nTemperatuuritaluvus -40\u00b0 kuni +120\u00b0C.<br \/>\nN\u00f5udepesumasinas pestav.<br \/>\nHea soojusisolatsioon.<br \/>\nTaaskasutatav materjal.<\/p>","protected":false},"featured_media":25060,"template":"","meta":{"_acf_changed":false,"inline_featured_image":false},"product_brand":[],"product_cat":[5554],"product_tag":[],"class_list":{"0":"post-25064","1":"product","2":"type-product","3":"status-publish","4":"has-post-thumbnail","6":"product_cat-termokastid-ja-termokapid","7":"pa_kaubamark-cambro","9":"first","10":"outofstock","11":"shipping-taxable","12":"purchasable","13":"product-type-simple"},"acf":[],"_links":{"self":[{"href":"https:\/\/farwell.ee\/en\/wp-json\/wp\/v2\/product\/25064","targetHints":{"allow":["GET"]}}],"collection":[{"href":"https:\/\/farwell.ee\/en\/wp-json\/wp\/v2\/product"}],"about":[{"href":"https:\/\/farwell.ee\/en\/wp-json\/wp\/v2\/types\/product"}],"wp:featuredmedia":[{"embeddable":true,"href":"https:\/\/farwell.ee\/en\/wp-json\/wp\/v2\/media\/25060"}],"wp:attachment":[{"href":"https:\/\/farwell.ee\/en\/wp-json\/wp\/v2\/media?parent=25064"}],"wp:term":[{"taxonomy":"product_brand","embeddable":true,"href":"https:\/\/farwell.ee\/en\/wp-json\/wp\/v2\/product_brand?post=25064"},{"taxonomy":"product_cat","embeddable":true,"href":"https:\/\/farwell.ee\/en\/wp-json\/wp\/v2\/product_cat?post=25064"},{"taxonomy":"product_tag","embeddable":true,"href":"https:\/\/farwell.ee\/en\/wp-json\/wp\/v2\/product_tag?post=25064"}],"curies":[{"name":"wp","href":"https:\/\/api.w.org\/{rel}","templated":true}]}}