{"id":24708,"date":"2023-11-08T16:15:04","date_gmt":"2023-11-08T14:15:04","guid":{"rendered":"https:\/\/farwell.ee\/toode\/termokast-gn-1-2-20cm-maht-223l-kanderihmaga\/"},"modified":"2026-04-15T17:30:10","modified_gmt":"2026-04-15T14:30:10","slug":"termokast-gn-1-2-20cm-maht-223l-kanderihmaga","status":"publish","type":"product","link":"https:\/\/farwell.ee\/en\/product\/termokast-gn-1-2-20cm-maht-223l-kanderihmaga\/","title":{"rendered":"Termokast GN 1\/2 25cm pealtlaetav, maht 22,3L kanderihmaga"},"content":{"rendered":"","protected":false},"excerpt":{"rendered":"<p>EPP-vahtplastist.<br \/>\nV\u00e4lism\u00f5\u00f5dud 390x330x316mm.<br \/>\nSisem\u00f5\u00f5dud 330x270x253mm.<br \/>\nMahutavus 3 x GN 1\/2-65 v\u00f5i 1 x GN 1\/2-200.<br \/>\nMaht 22,3L.<br \/>\nKaal 0,8 kg.<br \/>\nTemperatuuritaluvus -40\u00b0 kuni +120\u00b0 C.<br \/>\nN\u00f5udepesumasinas pestav.<br \/>\nHea soojusisolatsioon.<br \/>\nTaaskasutatav materjal.<br \/>\nMustast plastikust kanderihmaga.<br \/>\nLisavarustuses saadaval sooja-, k\u00fclmaplaadid ja markeerimissildid.<\/p>","protected":false},"featured_media":33501,"template":"","meta":{"_acf_changed":false,"inline_featured_image":false},"product_brand":[],"product_cat":[5554],"product_tag":[],"class_list":{"0":"post-24708","1":"product","2":"type-product","3":"status-publish","4":"has-post-thumbnail","6":"product_cat-termokastid-ja-termokapid","7":"pa_kaubamark-cambro","9":"first","10":"instock","11":"shipping-taxable","12":"purchasable","13":"product-type-simple"},"acf":[],"_links":{"self":[{"href":"https:\/\/farwell.ee\/en\/wp-json\/wp\/v2\/product\/24708","targetHints":{"allow":["GET"]}}],"collection":[{"href":"https:\/\/farwell.ee\/en\/wp-json\/wp\/v2\/product"}],"about":[{"href":"https:\/\/farwell.ee\/en\/wp-json\/wp\/v2\/types\/product"}],"wp:featuredmedia":[{"embeddable":true,"href":"https:\/\/farwell.ee\/en\/wp-json\/wp\/v2\/media\/33501"}],"wp:attachment":[{"href":"https:\/\/farwell.ee\/en\/wp-json\/wp\/v2\/media?parent=24708"}],"wp:term":[{"taxonomy":"product_brand","embeddable":true,"href":"https:\/\/farwell.ee\/en\/wp-json\/wp\/v2\/product_brand?post=24708"},{"taxonomy":"product_cat","embeddable":true,"href":"https:\/\/farwell.ee\/en\/wp-json\/wp\/v2\/product_cat?post=24708"},{"taxonomy":"product_tag","embeddable":true,"href":"https:\/\/farwell.ee\/en\/wp-json\/wp\/v2\/product_tag?post=24708"}],"curies":[{"name":"wp","href":"https:\/\/api.w.org\/{rel}","templated":true}]}}