{"id":24664,"date":"2023-11-06T11:15:04","date_gmt":"2023-11-06T09:15:04","guid":{"rendered":"https:\/\/farwell.ee\/toode\/veekeedukann-25l-elektriline\/"},"modified":"2026-02-11T11:15:04","modified_gmt":"2026-02-11T09:15:04","slug":"veekeedukann-25l-elektriline","status":"publish","type":"product","link":"https:\/\/farwell.ee\/en\/product\/veekeedukann-25l-elektriline\/","title":{"rendered":"Veekeedukann 2,5L elektriline, v\u00f5imsus 2150W"},"content":{"rendered":"","protected":false},"excerpt":{"rendered":"<ul>\n<li>Korpus ja k\u00fcttekeha valmistatud roostevabast terasest<\/li>\n<li>K\u00e4epide, kaas ja alus pol\u00fcprop\u00fcleenist<\/li>\n<li>K\u00fcttekeha on paigaldatud p\u00f5hja alla, mis kaitseb seda katlakivi tekke eest ja pikendab veekeetja kasutusiga<\/li>\n<li>K\u00fcttekeha t\u00f6\u00f6tamise m\u00e4rgutuli<\/li>\n<li>Maksimaalse veekoguse m\u00e4rgistus korpuse sisek\u00fcljel<\/li>\n<li>Kahekordne kaitse kuivalt sissel\u00fclitumise eest<\/li>\n<\/ul>","protected":false},"featured_media":31673,"template":"","meta":{"_acf_changed":false,"inline_featured_image":false},"product_brand":[],"product_cat":[5776],"product_tag":[],"class_list":{"0":"post-24664","1":"product","2":"type-product","3":"status-publish","4":"has-post-thumbnail","6":"product_cat-muud-vaikeseadmed","7":"pa_kaubamark-hendi","9":"first","10":"outofstock","11":"shipping-taxable","12":"purchasable","13":"product-type-simple"},"acf":[],"_links":{"self":[{"href":"https:\/\/farwell.ee\/en\/wp-json\/wp\/v2\/product\/24664","targetHints":{"allow":["GET"]}}],"collection":[{"href":"https:\/\/farwell.ee\/en\/wp-json\/wp\/v2\/product"}],"about":[{"href":"https:\/\/farwell.ee\/en\/wp-json\/wp\/v2\/types\/product"}],"wp:featuredmedia":[{"embeddable":true,"href":"https:\/\/farwell.ee\/en\/wp-json\/wp\/v2\/media\/31673"}],"wp:attachment":[{"href":"https:\/\/farwell.ee\/en\/wp-json\/wp\/v2\/media?parent=24664"}],"wp:term":[{"taxonomy":"product_brand","embeddable":true,"href":"https:\/\/farwell.ee\/en\/wp-json\/wp\/v2\/product_brand?post=24664"},{"taxonomy":"product_cat","embeddable":true,"href":"https:\/\/farwell.ee\/en\/wp-json\/wp\/v2\/product_cat?post=24664"},{"taxonomy":"product_tag","embeddable":true,"href":"https:\/\/farwell.ee\/en\/wp-json\/wp\/v2\/product_tag?post=24664"}],"curies":[{"name":"wp","href":"https:\/\/api.w.org\/{rel}","templated":true}]}}