{"id":24578,"date":"2023-11-03T09:45:05","date_gmt":"2023-11-03T07:45:05","guid":{"rendered":"https:\/\/farwell.ee\/toode\/teritaja-2-keraamilise-teritisrullikuga-globali-kokanugadele\/"},"modified":"2025-07-01T14:30:04","modified_gmt":"2025-07-01T11:30:04","slug":"teritaja-2-keraamilise-teritisrullikuga-globali-kokanugadele","status":"publish","type":"product","link":"https:\/\/farwell.ee\/en\/product\/teritaja-2-keraamilise-teritisrullikuga-globali-kokanugadele\/","title":{"rendered":"Teritaja 2-keraamilise teritisrullikuga, Globali kokanugadele"},"content":{"rendered":"","protected":false},"excerpt":{"rendered":"<p>Global MinoSharp noateritaja keraamiliste teritusrullikutega.<br \/>\nSelle l\u00e4bit\u00f5mmatava teritajaga saab Global nuge teritada \u00f5ige nurga all.<br \/>\nSobib ka teiste Jaapani p\u00e4ritoluga nugade teritamiseks.<br \/>\nErinevalt teistest keraamilistest v\u00f5i teemantteritusvahenditest peab MinoSharp teritaja puhul kasutama teritamise ajal vett.<br \/>\nAva l\u00e4bipaistev kaas ja vala rullikute alla vett nii palju, et rullikute alumine serv oleks vees.<\/p>","protected":false},"featured_media":24576,"template":"","meta":{"_acf_changed":false,"inline_featured_image":false},"product_brand":[],"product_cat":[140],"product_tag":[],"class_list":{"0":"post-24578","1":"product","2":"type-product","3":"status-publish","4":"has-post-thumbnail","6":"product_cat-kooginoad","7":"pa_kaubamark-global","9":"first","10":"outofstock","11":"shipping-taxable","12":"purchasable","13":"product-type-simple"},"acf":[],"_links":{"self":[{"href":"https:\/\/farwell.ee\/en\/wp-json\/wp\/v2\/product\/24578","targetHints":{"allow":["GET"]}}],"collection":[{"href":"https:\/\/farwell.ee\/en\/wp-json\/wp\/v2\/product"}],"about":[{"href":"https:\/\/farwell.ee\/en\/wp-json\/wp\/v2\/types\/product"}],"wp:featuredmedia":[{"embeddable":true,"href":"https:\/\/farwell.ee\/en\/wp-json\/wp\/v2\/media\/24576"}],"wp:attachment":[{"href":"https:\/\/farwell.ee\/en\/wp-json\/wp\/v2\/media?parent=24578"}],"wp:term":[{"taxonomy":"product_brand","embeddable":true,"href":"https:\/\/farwell.ee\/en\/wp-json\/wp\/v2\/product_brand?post=24578"},{"taxonomy":"product_cat","embeddable":true,"href":"https:\/\/farwell.ee\/en\/wp-json\/wp\/v2\/product_cat?post=24578"},{"taxonomy":"product_tag","embeddable":true,"href":"https:\/\/farwell.ee\/en\/wp-json\/wp\/v2\/product_tag?post=24578"}],"curies":[{"name":"wp","href":"https:\/\/api.w.org\/{rel}","templated":true}]}}