{"id":24509,"date":"2023-10-31T16:15:04","date_gmt":"2023-10-31T14:15:04","guid":{"rendered":"https:\/\/farwell.ee\/toode\/lauakate-1500x760x730mm-must-strets-trikotaaz\/"},"modified":"2026-01-09T11:00:05","modified_gmt":"2026-01-09T09:00:05","slug":"lauakate-1500x760x730mm-must-strets-trikotaaz","status":"publish","type":"product","link":"https:\/\/farwell.ee\/en\/product\/lauakate-1500x760x730mm-must-strets-trikotaaz\/","title":{"rendered":"Lauakate 1500x760x730mm must stret\u0161 trikotaaz"},"content":{"rendered":"","protected":false},"excerpt":{"rendered":"<p>Kangas \u00fchev\u00e4rviline must <a class=\"sr-product-title text-dark text-decoration-none\" href=\"https:\/\/www.kangasahver.ee\/et\/a\/puuvillatrikotaaz-akvamariinsinine-220g\">trikotaa\u017e<\/a> 160 g\/m2<br \/>\n90% mikropol\u00fcester \/ 10% elastaan.<br \/>\nLaudlina ei vaja triikimist.<br \/>\nSobib kokkupandavale lauale koodiga 810927.<\/p>\n<p>&nbsp;<\/p>","protected":false},"featured_media":24508,"template":"","meta":{"_acf_changed":false,"inline_featured_image":false},"product_brand":[],"product_cat":[6321],"product_tag":[],"class_list":{"0":"post-24509","1":"product","2":"type-product","3":"status-publish","4":"has-post-thumbnail","6":"product_cat-serveerimiskarud-ja-lauad","7":"pa_kaubamark-hendi","9":"first","10":"outofstock","11":"shipping-taxable","12":"purchasable","13":"product-type-simple"},"acf":[],"_links":{"self":[{"href":"https:\/\/farwell.ee\/en\/wp-json\/wp\/v2\/product\/24509","targetHints":{"allow":["GET"]}}],"collection":[{"href":"https:\/\/farwell.ee\/en\/wp-json\/wp\/v2\/product"}],"about":[{"href":"https:\/\/farwell.ee\/en\/wp-json\/wp\/v2\/types\/product"}],"wp:featuredmedia":[{"embeddable":true,"href":"https:\/\/farwell.ee\/en\/wp-json\/wp\/v2\/media\/24508"}],"wp:attachment":[{"href":"https:\/\/farwell.ee\/en\/wp-json\/wp\/v2\/media?parent=24509"}],"wp:term":[{"taxonomy":"product_brand","embeddable":true,"href":"https:\/\/farwell.ee\/en\/wp-json\/wp\/v2\/product_brand?post=24509"},{"taxonomy":"product_cat","embeddable":true,"href":"https:\/\/farwell.ee\/en\/wp-json\/wp\/v2\/product_cat?post=24509"},{"taxonomy":"product_tag","embeddable":true,"href":"https:\/\/farwell.ee\/en\/wp-json\/wp\/v2\/product_tag?post=24509"}],"curies":[{"name":"wp","href":"https:\/\/api.w.org\/{rel}","templated":true}]}}