{"id":24421,"date":"2023-10-27T11:15:04","date_gmt":"2023-10-27T08:15:04","guid":{"rendered":"https:\/\/farwell.ee\/toode\/laud-1520x700x740mm-kokkupandava-lauaplaadi-ja-jalgadega\/"},"modified":"2026-01-09T11:00:05","modified_gmt":"2026-01-09T09:00:05","slug":"laud-1520x700x740mm-kokkupandava-lauaplaadi-ja-jalgadega","status":"publish","type":"product","link":"https:\/\/farwell.ee\/en\/product\/laud-1520x700x740mm-kokkupandava-lauaplaadi-ja-jalgadega\/","title":{"rendered":"Laud 1520x700x740mm kokkupandava lauaplaadi ja jalgadega"},"content":{"rendered":"","protected":false},"excerpt":{"rendered":"<p>\u2022 Lihtne ladustada ja transportida &#8211; v\u00e4litingimustesse ja siseruumidesse.<br \/>\n\u2022 Ideaalne messidel, \u00fcritustel, toitlustamisel jne.<br \/>\n\u2022 Lauaplaat valmistatud k\u00f5rge tihedusega pol\u00fcet\u00fcleenist (HDPE), pulberv\u00e4rvitud metallist raam ja jalad.<br \/>\n\u2022 Lihtne puhastada ja vastupidav mustuse suhtes.<br \/>\n\u2022 Saab kokku panna kohvriks, mida on mugav kaasas kanda.<br \/>\nM\u00f5\u00f5dud: 152x70x74cm<\/p>","protected":false},"featured_media":24418,"template":"","meta":{"_acf_changed":false,"inline_featured_image":false},"product_brand":[],"product_cat":[6321],"product_tag":[],"class_list":{"0":"post-24421","1":"product","2":"type-product","3":"status-publish","4":"has-post-thumbnail","6":"product_cat-serveerimiskarud-ja-lauad","7":"pa_kaubamark-amerbox","9":"first","10":"outofstock","11":"shipping-taxable","12":"purchasable","13":"product-type-simple"},"acf":[],"_links":{"self":[{"href":"https:\/\/farwell.ee\/en\/wp-json\/wp\/v2\/product\/24421","targetHints":{"allow":["GET"]}}],"collection":[{"href":"https:\/\/farwell.ee\/en\/wp-json\/wp\/v2\/product"}],"about":[{"href":"https:\/\/farwell.ee\/en\/wp-json\/wp\/v2\/types\/product"}],"wp:featuredmedia":[{"embeddable":true,"href":"https:\/\/farwell.ee\/en\/wp-json\/wp\/v2\/media\/24418"}],"wp:attachment":[{"href":"https:\/\/farwell.ee\/en\/wp-json\/wp\/v2\/media?parent=24421"}],"wp:term":[{"taxonomy":"product_brand","embeddable":true,"href":"https:\/\/farwell.ee\/en\/wp-json\/wp\/v2\/product_brand?post=24421"},{"taxonomy":"product_cat","embeddable":true,"href":"https:\/\/farwell.ee\/en\/wp-json\/wp\/v2\/product_cat?post=24421"},{"taxonomy":"product_tag","embeddable":true,"href":"https:\/\/farwell.ee\/en\/wp-json\/wp\/v2\/product_tag?post=24421"}],"curies":[{"name":"wp","href":"https:\/\/api.w.org\/{rel}","templated":true}]}}