{"id":24342,"date":"2023-10-25T20:47:02","date_gmt":"2023-10-25T17:47:02","guid":{"rendered":"https:\/\/farwell.ee\/?post_type=product&#038;p=24342"},"modified":"2024-08-13T16:22:45","modified_gmt":"2024-08-13T13:22:45","slug":"2x5l-elektrifrituur-lauapealne-400mm","status":"publish","type":"product","link":"https:\/\/farwell.ee\/en\/product\/2x5l-elektrifrituur-lauapealne-400mm\/","title":{"rendered":"Elektrifrit\u00fc\u00fcr 2x5L lauapealne, laius 400mm"},"content":{"rendered":"","protected":false},"excerpt":{"rendered":"<p><strong>*hinnale lisandub k\u00e4ibemaks<\/strong><\/p>\n<ul>\n<li>Paigaldamiseks avatud v\u00f5i sild t\u00fc\u00fcpi alusele ja cantileverile<\/li>\n<li>Suure efektiivsusega (9kW) \u00fcles t\u00f5stetavad armeeritud<\/li>\n<li>kuumutuselemendid paiknevad \u00f5livanni sees<\/li>\n<li>S\u00fcgav vann<\/li>\n<li>\u00d5li v\u00e4ljutuskraan esik\u00fcljel<\/li>\n<li>V\u00e4lispaneelid roostevabast<\/li>\n<li>Terasest Scotch Brite pinnaviimistlusega<\/li>\n<li>\u00dches t\u00fckist pressitud \u00fclaosa on 1,5 mm paksusest roostevabast terasest.<\/li>\n<li>T\u00e4isnurksed servad v\u00f5imaldavad seadmeid omavahel tihedalt \u00fchendada<\/li>\n<\/ul>\n<p>m\u00f5\u00f5dud: 400x730x250mm<b><br \/>\n<\/b><\/p>\n<p>V\u00f5imsus: 9 kW<\/p>\n<p>Kaubam\u00e4rk: Electrolux Professional<\/p>\n<p>Tooteleht: <a href=\"https:\/\/farwell.ee\/wp-content\/uploads\/371074.pdf\">371074<\/a><\/p>","protected":false},"featured_media":24345,"template":"","meta":{"_acf_changed":false,"inline_featured_image":false},"product_brand":[],"product_cat":[5584],"product_tag":[],"class_list":{"0":"post-24342","1":"product","2":"type-product","3":"status-publish","4":"has-post-thumbnail","6":"product_cat-profifrituurid","8":"first","9":"outofstock","10":"shipping-taxable","11":"purchasable","12":"product-type-simple"},"acf":[],"_links":{"self":[{"href":"https:\/\/farwell.ee\/en\/wp-json\/wp\/v2\/product\/24342","targetHints":{"allow":["GET"]}}],"collection":[{"href":"https:\/\/farwell.ee\/en\/wp-json\/wp\/v2\/product"}],"about":[{"href":"https:\/\/farwell.ee\/en\/wp-json\/wp\/v2\/types\/product"}],"wp:featuredmedia":[{"embeddable":true,"href":"https:\/\/farwell.ee\/en\/wp-json\/wp\/v2\/media\/24345"}],"wp:attachment":[{"href":"https:\/\/farwell.ee\/en\/wp-json\/wp\/v2\/media?parent=24342"}],"wp:term":[{"taxonomy":"product_brand","embeddable":true,"href":"https:\/\/farwell.ee\/en\/wp-json\/wp\/v2\/product_brand?post=24342"},{"taxonomy":"product_cat","embeddable":true,"href":"https:\/\/farwell.ee\/en\/wp-json\/wp\/v2\/product_cat?post=24342"},{"taxonomy":"product_tag","embeddable":true,"href":"https:\/\/farwell.ee\/en\/wp-json\/wp\/v2\/product_tag?post=24342"}],"curies":[{"name":"wp","href":"https:\/\/api.w.org\/{rel}","templated":true}]}}