{"id":24308,"date":"2023-10-25T12:00:04","date_gmt":"2023-10-25T09:00:04","guid":{"rendered":"https:\/\/farwell.ee\/toode\/kuuma-joogi-hoidik-20l-elektriline-2250w-kahekordse-korpusega\/"},"modified":"2026-01-09T10:45:12","modified_gmt":"2026-01-09T08:45:12","slug":"kuuma-joogi-hoidik-20l-elektriline-2250w-kahekordse-korpusega","status":"publish","type":"product","link":"https:\/\/farwell.ee\/en\/product\/kuuma-joogi-hoidik-20l-elektriline-2250w-kahekordse-korpusega\/","title":{"rendered":"Kuuma joogi hoidik 18L elektriline 2250W, kahekordse korpusega"},"content":{"rendered":"","protected":false},"excerpt":{"rendered":"<p>Sobib h\u00f5\u00f5gveini valmistamiseks ja soojas hoidmiseks ning vee keetmiseks.<br \/>\n\u2013 Poleeritud roostevabast terasest isoleeritud kahekordsed seinad viivad soojuskao miinimumini, millega v\u00e4heneb elektrienergia kulu<br \/>\n\u2013 Kaas turvalise \u201eTwist-lock\u201c-t\u00fc\u00fcpi lukustusega<br \/>\n\u2013 Mittesoojenevad k\u00e4epidemed, kaane k\u00e4epide ja mittetilkuv kraan on valmistatud pol\u00fcprop\u00fcleenist<br \/>\n\u2013 Mugav veetaseme n\u00e4idik, n\u00e4idud on v\u00e4ljendatud tasside hulgaga<br \/>\n\u2013 Tassi maksimaalne k\u00f5rgus: 130 mm (ilma \u00fclevoolukandikuta).<br \/>\n\u2013 Temperatuuri seadistamine termostaadi abil: 30-100 \u00b0C<br \/>\n\u2013 Silikoonist pinnakattega l\u00fcliti ja p\u00f6\u00f6ratav nupp n\u00f5utava temperatuuri seadistamiseks.<br \/>\n\u2013 \u00dclekuumenemiskaitsmega k\u00fctteelement on paigaldatud p\u00f5hja alla, mis kaitseb seda katlakivi tekke eest<br \/>\n\u2013 Komplektis \u00fclevoolukandik.<br \/>\n\u00dcldmaht 20L , kasulik maht 18L.<br \/>\nM\u00f5\u00f5dud : 360 x 380 x 598 mm.<br \/>\nElekter: 230 V \/ 1 faas \/ 2,25 kW<\/p>","protected":false},"featured_media":24307,"template":"","meta":{"_acf_changed":false,"inline_featured_image":false},"product_brand":[],"product_cat":[5634],"product_tag":[],"class_list":{"0":"post-24308","1":"product","2":"type-product","3":"status-publish","4":"has-post-thumbnail","6":"product_cat-kuuma-joogi-seadmed","7":"pa_kaubamark-hendi","9":"first","10":"outofstock","11":"shipping-taxable","12":"purchasable","13":"product-type-simple"},"acf":[],"_links":{"self":[{"href":"https:\/\/farwell.ee\/en\/wp-json\/wp\/v2\/product\/24308","targetHints":{"allow":["GET"]}}],"collection":[{"href":"https:\/\/farwell.ee\/en\/wp-json\/wp\/v2\/product"}],"about":[{"href":"https:\/\/farwell.ee\/en\/wp-json\/wp\/v2\/types\/product"}],"wp:featuredmedia":[{"embeddable":true,"href":"https:\/\/farwell.ee\/en\/wp-json\/wp\/v2\/media\/24307"}],"wp:attachment":[{"href":"https:\/\/farwell.ee\/en\/wp-json\/wp\/v2\/media?parent=24308"}],"wp:term":[{"taxonomy":"product_brand","embeddable":true,"href":"https:\/\/farwell.ee\/en\/wp-json\/wp\/v2\/product_brand?post=24308"},{"taxonomy":"product_cat","embeddable":true,"href":"https:\/\/farwell.ee\/en\/wp-json\/wp\/v2\/product_cat?post=24308"},{"taxonomy":"product_tag","embeddable":true,"href":"https:\/\/farwell.ee\/en\/wp-json\/wp\/v2\/product_tag?post=24308"}],"curies":[{"name":"wp","href":"https:\/\/api.w.org\/{rel}","templated":true}]}}