{"id":24184,"date":"2023-10-16T15:30:04","date_gmt":"2023-10-16T12:30:04","guid":{"rendered":"https:\/\/farwell.ee\/toode\/serveerimiskaru-1054x603x943cm-must-2-ratast-piduriga\/"},"modified":"2025-07-02T08:15:06","modified_gmt":"2025-07-02T05:15:06","slug":"serveerimiskaru-1054x603x943cm-must-2-ratast-piduriga","status":"publish","type":"product","link":"https:\/\/farwell.ee\/en\/product\/serveerimiskaru-1054x603x943cm-must-2-ratast-piduriga\/","title":{"rendered":"Serveerimisk\u00e4ru 105,4&#215;60,3&#215;94,3cm must, 2 ratast piduriga"},"content":{"rendered":"","protected":false},"excerpt":{"rendered":"<p>V\u00e4lism\u00f5\u00f5dud: 1054x603x943mm.<br \/>\nAlumise kahe tasapinna m\u00f5\u00f5dud: 871x551x258mm.<br \/>\n\u00dclemise tasapinna m\u00f5\u00f5dud: 831x500mm.<br \/>\nTugev monoliitne korpus.<br \/>\nKolme tasapinnaga.<br \/>\nKandev\u00f5ime 272kg \/ \u00fche tasapinna kohta 90,7kg.<br \/>\n2 j\u00e4ika ja 2 p\u00f6\u00f6ravat piduritega ratast, l\u00e4bim\u00f5\u00f5t 152mm.<br \/>\nBPA vaba.<\/p>","protected":false},"featured_media":24183,"template":"","meta":{"_acf_changed":false,"inline_featured_image":false},"product_brand":[],"product_cat":[6321],"product_tag":[],"class_list":{"0":"post-24184","1":"product","2":"type-product","3":"status-publish","4":"has-post-thumbnail","6":"product_cat-serveerimiskarud-ja-lauad","7":"pa_kaubamark-cambro","9":"first","10":"outofstock","11":"shipping-taxable","12":"purchasable","13":"product-type-simple"},"acf":[],"_links":{"self":[{"href":"https:\/\/farwell.ee\/en\/wp-json\/wp\/v2\/product\/24184","targetHints":{"allow":["GET"]}}],"collection":[{"href":"https:\/\/farwell.ee\/en\/wp-json\/wp\/v2\/product"}],"about":[{"href":"https:\/\/farwell.ee\/en\/wp-json\/wp\/v2\/types\/product"}],"wp:featuredmedia":[{"embeddable":true,"href":"https:\/\/farwell.ee\/en\/wp-json\/wp\/v2\/media\/24183"}],"wp:attachment":[{"href":"https:\/\/farwell.ee\/en\/wp-json\/wp\/v2\/media?parent=24184"}],"wp:term":[{"taxonomy":"product_brand","embeddable":true,"href":"https:\/\/farwell.ee\/en\/wp-json\/wp\/v2\/product_brand?post=24184"},{"taxonomy":"product_cat","embeddable":true,"href":"https:\/\/farwell.ee\/en\/wp-json\/wp\/v2\/product_cat?post=24184"},{"taxonomy":"product_tag","embeddable":true,"href":"https:\/\/farwell.ee\/en\/wp-json\/wp\/v2\/product_tag?post=24184"}],"curies":[{"name":"wp","href":"https:\/\/api.w.org\/{rel}","templated":true}]}}