{"id":24036,"date":"2023-10-09T16:30:06","date_gmt":"2023-10-09T13:30:06","guid":{"rendered":"https:\/\/farwell.ee\/toode\/friikartuli-loikur-4-teraga\/"},"modified":"2026-01-09T10:45:05","modified_gmt":"2026-01-09T08:45:05","slug":"friikartuli-loikur-4-teraga","status":"publish","type":"product","link":"https:\/\/farwell.ee\/en\/product\/friikartuli-loikur-4-teraga\/","title":{"rendered":"Friikartuli l\u00f5ikur 4-teraga"},"content":{"rendered":"","protected":false},"excerpt":{"rendered":"<p>Varustatud 4 l\u00f5iketeraga: 6x6mm, 9x9mm ja 13x13mm ning l\u00f5iketera 8-osaks l\u00f5ikamise jaoks (sektorite l\u00f5ikur).<\/p>\n<p>M\u00f5\u00f5dud 430x168x290mm.<br \/>\nJalad roostevabast terasest.<br \/>\nV\u00f5imalus kinnitada seina k\u00fclge v\u00f5i t\u00f6\u00f6lauale.<br \/>\nK\u00e4epide kaetud plastikuga.<br \/>\nSpetsiaalne seinakinnituse montaazipaneel kiire ja lihtsa lahtiv\u00f5tmise ja puhastamise jaoks.<br \/>\nIminappadega jalad tagavad laua peale paigaldatud seadme parima stabiilsuse.<\/p>\n<p>Eraldi v\u00f5imalik juurde tellida friikartuli l\u00f5iketera 11x11mm , kood 630419<\/p>","protected":false},"featured_media":24032,"template":"","meta":{"_acf_changed":false,"inline_featured_image":false},"product_brand":[],"product_cat":[163],"product_tag":[],"class_list":{"0":"post-24036","1":"product","2":"type-product","3":"status-publish","4":"has-post-thumbnail","6":"product_cat-riivid-koorijad-ja-pureestajad","7":"pa_kaubamark-hendi","9":"first","10":"outofstock","11":"shipping-taxable","12":"purchasable","13":"product-type-simple"},"acf":[],"_links":{"self":[{"href":"https:\/\/farwell.ee\/en\/wp-json\/wp\/v2\/product\/24036","targetHints":{"allow":["GET"]}}],"collection":[{"href":"https:\/\/farwell.ee\/en\/wp-json\/wp\/v2\/product"}],"about":[{"href":"https:\/\/farwell.ee\/en\/wp-json\/wp\/v2\/types\/product"}],"wp:featuredmedia":[{"embeddable":true,"href":"https:\/\/farwell.ee\/en\/wp-json\/wp\/v2\/media\/24032"}],"wp:attachment":[{"href":"https:\/\/farwell.ee\/en\/wp-json\/wp\/v2\/media?parent=24036"}],"wp:term":[{"taxonomy":"product_brand","embeddable":true,"href":"https:\/\/farwell.ee\/en\/wp-json\/wp\/v2\/product_brand?post=24036"},{"taxonomy":"product_cat","embeddable":true,"href":"https:\/\/farwell.ee\/en\/wp-json\/wp\/v2\/product_cat?post=24036"},{"taxonomy":"product_tag","embeddable":true,"href":"https:\/\/farwell.ee\/en\/wp-json\/wp\/v2\/product_tag?post=24036"}],"curies":[{"name":"wp","href":"https:\/\/api.w.org\/{rel}","templated":true}]}}