{"id":23997,"date":"2023-10-09T10:45:04","date_gmt":"2023-10-09T07:45:04","guid":{"rendered":"https:\/\/farwell.ee\/toode\/lihakobestaja-e-lihapehmendaja-manuaalne\/"},"modified":"2026-01-09T10:45:05","modified_gmt":"2026-01-09T08:45:05","slug":"lihakobestaja-e-lihapehmendaja-manuaalne","status":"publish","type":"product","link":"https:\/\/farwell.ee\/en\/product\/lihakobestaja-e-lihapehmendaja-manuaalne\/","title":{"rendered":"Lihakobestaja e. lihapehmendaja manuaalne"},"content":{"rendered":"","protected":false},"excerpt":{"rendered":"<p>Lihapehmendaja \u00fchendab endas lihakiudude s\u00fcgava l\u00f5ikemeetodi ja samaaegselt toimuva kerge vasardamise.<br \/>\nT\u00e4nu lihapehmendajale v\u00e4heneb liha marineerimise, valmimise, praadimise ja grillimise aeg kuni 25%.<br \/>\nT\u00e4nu sissel\u00f5igetele imbuvad maitseained ja marinaad s\u00fcgavale liha sisse.<br \/>\n51 l\u00f5iketera lihakiudude l\u00f5ikamiseks ja laineline tald.<\/p>","protected":false},"featured_media":23996,"template":"","meta":{"_acf_changed":false,"inline_featured_image":false},"product_brand":[],"product_cat":[144],"product_tag":[],"class_list":{"0":"post-23997","1":"product","2":"type-product","3":"status-publish","4":"has-post-thumbnail","6":"product_cat-lihahaamrid","7":"pa_kaubamark-hendi","9":"first","10":"outofstock","11":"shipping-taxable","12":"purchasable","13":"product-type-simple"},"acf":[],"_links":{"self":[{"href":"https:\/\/farwell.ee\/en\/wp-json\/wp\/v2\/product\/23997","targetHints":{"allow":["GET"]}}],"collection":[{"href":"https:\/\/farwell.ee\/en\/wp-json\/wp\/v2\/product"}],"about":[{"href":"https:\/\/farwell.ee\/en\/wp-json\/wp\/v2\/types\/product"}],"wp:featuredmedia":[{"embeddable":true,"href":"https:\/\/farwell.ee\/en\/wp-json\/wp\/v2\/media\/23996"}],"wp:attachment":[{"href":"https:\/\/farwell.ee\/en\/wp-json\/wp\/v2\/media?parent=23997"}],"wp:term":[{"taxonomy":"product_brand","embeddable":true,"href":"https:\/\/farwell.ee\/en\/wp-json\/wp\/v2\/product_brand?post=23997"},{"taxonomy":"product_cat","embeddable":true,"href":"https:\/\/farwell.ee\/en\/wp-json\/wp\/v2\/product_cat?post=23997"},{"taxonomy":"product_tag","embeddable":true,"href":"https:\/\/farwell.ee\/en\/wp-json\/wp\/v2\/product_tag?post=23997"}],"curies":[{"name":"wp","href":"https:\/\/api.w.org\/{rel}","templated":true}]}}