{"id":23967,"date":"2023-10-09T00:08:15","date_gmt":"2023-10-08T21:08:15","guid":{"rendered":"https:\/\/farwell.ee\/?post_type=product&#038;p=23967"},"modified":"2023-10-09T00:08:15","modified_gmt":"2023-10-08T21:08:15","slug":"vee-korduvkasutussusteem-wrec-80","status":"publish","type":"product","link":"https:\/\/farwell.ee\/en\/product\/vee-korduvkasutussusteem-wrec-80\/","title":{"rendered":"Vee korduvkasutuss\u00fcsteem WREC-80"},"content":{"rendered":"","protected":false},"excerpt":{"rendered":"<p>https:\/\/www.youtube.com\/watch?v=58-PqYH3eeg&amp;t=41s<\/p>\n<p><strong>Omadused ja eelised<\/strong><\/p>\n<p>ECOTANK pesumasina vee korduvkasutus s\u00fcsteemiga on v\u00f5imalik s\u00e4\u00e4sta ja korduv kasutada kuni<br \/>\n70% pesemises kasutatavast veest. Lisaks v\u00f5idate ja s\u00e4\u00e4state pesuaine kulus.<\/p>\n<ul>\n<li>Lihtne \u00fchendada pesumasinatega<\/li>\n<li>Minimaalne ruumi vajadus<\/li>\n<li>Isepuhastava s\u00fcsteemiga veepaagid koos eelseadistatud programmidega \u00fchendamiseks T2 pesuiasina juht\u00fcsteemiga<\/li>\n<li>Paagid on vajadusel lihtsal eemaldatavad<\/li>\n<li>1,2 v\u00f5i 3 paagimoodulit<\/li>\n<li>V\u00e4lisviimistlus hall metallik katteplaatidega<\/li>\n<li>Paagi sisu vasypidavast pol\u00fcuretaanist<\/li>\n<li>2 veetaseme sensorit igas paagimoodulis<\/li>\n<li>80L paagimoodulid pesumasinatele 11kg \u2013 22kg<\/li>\n<li>150L paagimoodulid pesumasinatele 27 \u2013 35kg<\/li>\n<\/ul>\n<p>Mudel WREC-80 T1<br \/>\nM\u00f5\u00f5tmed: 551(L) x 752(S) x 575(K)mm<br \/>\nMahutavus: 80 L<br \/>\nPesumasinatele mahutavusega 11 \u2013 22kg<br \/>\nVee sisend \u00be\u201d, vee v\u00e4ljund \u00be\u201d<br \/>\nPaagi ventilatsioon DN20<br \/>\nPaagi t\u00fchjendusava DN20<\/p>\n<p>Mudel WREC-80 T2<br \/>\nM\u00f5\u00f5tmed: 551(L) x 752(S) x 977(K)mm<br \/>\nMahutavus: 2 x 80 L<br \/>\nPesumasinatele mahutavusega 11 \u2013 22kg<br \/>\nVee sisend \u00be\u201d, vee v\u00e4ljund \u00be\u201d<br \/>\nPaagi ventilatsioon DN20<br \/>\nPaagi t\u00fchjendusava DN20<\/p>\n<p>Mudel WREC-80 T3<br \/>\nM\u00f5\u00f5tmed: 551(L) x 752(S) x 1379(K)mm<br \/>\nMahutavus: 3 x 80 L<br \/>\nPesumasinatele mahutavusega 11 \u2013 22kg<br \/>\nVee sisend \u00be\u201d, vee v\u00e4ljund \u00be\u201d<br \/>\nPaagi ventilatsioon DN20<br \/>\nPaagi t\u00fchjendusava DN20<\/p>","protected":false},"featured_media":23968,"template":"","meta":{"_acf_changed":false,"inline_featured_image":false},"product_brand":[],"product_cat":[4132],"product_tag":[],"class_list":{"0":"post-23967","1":"product","2":"type-product","3":"status-publish","4":"has-post-thumbnail","6":"product_cat-pesuainete-dosaatorid-ja-vee-tootluse-susteemid","8":"first","9":"outofstock","10":"shipping-taxable","11":"product-type-simple"},"acf":[],"_links":{"self":[{"href":"https:\/\/farwell.ee\/en\/wp-json\/wp\/v2\/product\/23967","targetHints":{"allow":["GET"]}}],"collection":[{"href":"https:\/\/farwell.ee\/en\/wp-json\/wp\/v2\/product"}],"about":[{"href":"https:\/\/farwell.ee\/en\/wp-json\/wp\/v2\/types\/product"}],"wp:featuredmedia":[{"embeddable":true,"href":"https:\/\/farwell.ee\/en\/wp-json\/wp\/v2\/media\/23968"}],"wp:attachment":[{"href":"https:\/\/farwell.ee\/en\/wp-json\/wp\/v2\/media?parent=23967"}],"wp:term":[{"taxonomy":"product_brand","embeddable":true,"href":"https:\/\/farwell.ee\/en\/wp-json\/wp\/v2\/product_brand?post=23967"},{"taxonomy":"product_cat","embeddable":true,"href":"https:\/\/farwell.ee\/en\/wp-json\/wp\/v2\/product_cat?post=23967"},{"taxonomy":"product_tag","embeddable":true,"href":"https:\/\/farwell.ee\/en\/wp-json\/wp\/v2\/product_tag?post=23967"}],"curies":[{"name":"wp","href":"https:\/\/api.w.org\/{rel}","templated":true}]}}