{"id":23956,"date":"2023-10-06T14:45:04","date_gmt":"2023-10-06T11:45:04","guid":{"rendered":"https:\/\/farwell.ee\/toode\/vorstiprits-10l-vertikaalne\/"},"modified":"2025-11-27T14:15:05","modified_gmt":"2025-11-27T12:15:05","slug":"vorstiprits-10l-vertikaalne","status":"publish","type":"product","link":"https:\/\/farwell.ee\/en\/product\/vorstiprits-10l-vertikaalne\/","title":{"rendered":"Vorstiprits 10L vertikaalne, manuaalne"},"content":{"rendered":"","protected":false},"excerpt":{"rendered":"<p>Sobib ideaalselt v\u00e4iksemate kaupluste, restoranide, kohvikute ja maaturismiga tegelevate ettev\u00f5tete jaoks.<br \/>\nValmistatud roostevabast terasest.<br \/>\nVarustatud kahe kiirusega etteandega: suur kiirus kolvi t\u00f5stmiseks ja v\u00e4ike kiirus (v\u00e4ikese koormuse korral) vorstikestade hakkmassiga t\u00e4itmiseks.<br \/>\nOsasid, millel on vahetu kokkupuude toiduainetega, on puhastamise ja t\u00e4itmise jaoks lihtne lahti v\u00f5tta.<br \/>\nKomplektis on 4 otsakut diameetritega 16\/22\/32\/38mm , pikkusega 180mm.<br \/>\nLaager ja hammas\u00fclekanne karastatud terasest, vastupidavad suurtele koormustele.<br \/>\nMaht 10L.<br \/>\nKaal 20kg.<br \/>\nM\u00f5\u00f5dud: 415 x 315 x 690mm.<\/p>","protected":false},"featured_media":37089,"template":"","meta":{"_acf_changed":false,"inline_featured_image":false},"product_brand":[],"product_cat":[5776],"product_tag":[],"class_list":{"0":"post-23956","1":"product","2":"type-product","3":"status-publish","4":"has-post-thumbnail","6":"product_cat-muud-vaikeseadmed","7":"pa_kaubamark-hendi","9":"first","10":"outofstock","11":"shipping-taxable","12":"purchasable","13":"product-type-simple"},"acf":[],"_links":{"self":[{"href":"https:\/\/farwell.ee\/en\/wp-json\/wp\/v2\/product\/23956","targetHints":{"allow":["GET"]}}],"collection":[{"href":"https:\/\/farwell.ee\/en\/wp-json\/wp\/v2\/product"}],"about":[{"href":"https:\/\/farwell.ee\/en\/wp-json\/wp\/v2\/types\/product"}],"wp:featuredmedia":[{"embeddable":true,"href":"https:\/\/farwell.ee\/en\/wp-json\/wp\/v2\/media\/37089"}],"wp:attachment":[{"href":"https:\/\/farwell.ee\/en\/wp-json\/wp\/v2\/media?parent=23956"}],"wp:term":[{"taxonomy":"product_brand","embeddable":true,"href":"https:\/\/farwell.ee\/en\/wp-json\/wp\/v2\/product_brand?post=23956"},{"taxonomy":"product_cat","embeddable":true,"href":"https:\/\/farwell.ee\/en\/wp-json\/wp\/v2\/product_cat?post=23956"},{"taxonomy":"product_tag","embeddable":true,"href":"https:\/\/farwell.ee\/en\/wp-json\/wp\/v2\/product_tag?post=23956"}],"curies":[{"name":"wp","href":"https:\/\/api.w.org\/{rel}","templated":true}]}}