{"id":23944,"date":"2023-10-06T14:30:04","date_gmt":"2023-10-06T11:30:04","guid":{"rendered":"https:\/\/farwell.ee\/toode\/taldrikute-karu-6-reguleeritava-sektsiooniga\/"},"modified":"2026-01-16T12:30:05","modified_gmt":"2026-01-16T10:30:05","slug":"taldrikute-karu-6-reguleeritava-sektsiooniga","status":"publish","type":"product","link":"https:\/\/farwell.ee\/en\/product\/taldrikute-karu-6-reguleeritava-sektsiooniga\/","title":{"rendered":"Taldrikute k\u00e4ru 6-reguleeritava sektsiooniga"},"content":{"rendered":"","protected":false},"excerpt":{"rendered":"<p>Valmistatud monoliitsest pol\u00fceteenist<br \/>\nM\u00f5\u00f5dud 730 x 960 x 810mm<br \/>\n\u00dcmardatud sise- ja v\u00e4lisnurgad 6-sektsiooni taldrikutele, mille l\u00e4bim\u00f5\u00f5dud on vahemikus 11,7 cm &#8211; 33,0 cm<br \/>\nN\u00f5ude kogus igas virnas: 45 &#8211; 60<br \/>\nP\u00f6\u00f6ravad rattad: esimesed rattad l\u00e4bim\u00f5\u00f5duga 12,7 cm<br \/>\nTagumised rattad l\u00e4bim\u00f5\u00f5duga 25,4 cm<br \/>\nKandev\u00f5ime 227 kg<br \/>\nK\u00e4ruga kaasas vin\u00fc\u00fclkate, mis kaitseb n\u00f5usid tolmu ja mustuse eest.<\/p>","protected":false},"featured_media":23943,"template":"","meta":{"_acf_changed":false,"inline_featured_image":false},"product_brand":[],"product_cat":[6371],"product_tag":[],"class_list":{"0":"post-23944","1":"product","2":"type-product","3":"status-publish","4":"has-post-thumbnail","6":"product_cat-koogikarud-ja-togid","7":"pa_kaubamark-cambro","9":"first","10":"outofstock","11":"shipping-taxable","12":"purchasable","13":"product-type-simple"},"acf":[],"_links":{"self":[{"href":"https:\/\/farwell.ee\/en\/wp-json\/wp\/v2\/product\/23944","targetHints":{"allow":["GET"]}}],"collection":[{"href":"https:\/\/farwell.ee\/en\/wp-json\/wp\/v2\/product"}],"about":[{"href":"https:\/\/farwell.ee\/en\/wp-json\/wp\/v2\/types\/product"}],"wp:featuredmedia":[{"embeddable":true,"href":"https:\/\/farwell.ee\/en\/wp-json\/wp\/v2\/media\/23943"}],"wp:attachment":[{"href":"https:\/\/farwell.ee\/en\/wp-json\/wp\/v2\/media?parent=23944"}],"wp:term":[{"taxonomy":"product_brand","embeddable":true,"href":"https:\/\/farwell.ee\/en\/wp-json\/wp\/v2\/product_brand?post=23944"},{"taxonomy":"product_cat","embeddable":true,"href":"https:\/\/farwell.ee\/en\/wp-json\/wp\/v2\/product_cat?post=23944"},{"taxonomy":"product_tag","embeddable":true,"href":"https:\/\/farwell.ee\/en\/wp-json\/wp\/v2\/product_tag?post=23944"}],"curies":[{"name":"wp","href":"https:\/\/api.w.org\/{rel}","templated":true}]}}