{"id":23942,"date":"2023-10-06T14:30:04","date_gmt":"2023-10-06T11:30:04","guid":{"rendered":"https:\/\/farwell.ee\/toode\/vinuulkate-taldrikute-karudele-koodidega-adcs-adc4-ja-adc6\/"},"modified":"2026-01-16T12:15:05","modified_gmt":"2026-01-16T10:15:05","slug":"vinuulkate-taldrikute-karudele-koodidega-adcs-adc4-ja-adc6","status":"publish","type":"product","link":"https:\/\/farwell.ee\/en\/product\/vinuulkate-taldrikute-karudele-koodidega-adcs-adc4-ja-adc6\/","title":{"rendered":"Vin\u00fc\u00fclkate taldrikute k\u00e4rudele koodidega ADCS, ADC4 ja ADC6"},"content":{"rendered":"","protected":false},"excerpt":{"rendered":"<p>Sobib taldrikuk\u00e4rule m\u00f5\u00f5tudega 730 x 960 x 810mm.<br \/>\nVin\u00fc\u00fclkate, mis kaitseb n\u00f5usid tolmu ja mustuse eest.<\/p>","protected":false},"featured_media":23941,"template":"","meta":{"_acf_changed":false,"inline_featured_image":false},"product_brand":[],"product_cat":[6371],"product_tag":[],"class_list":{"0":"post-23942","1":"product","2":"type-product","3":"status-publish","4":"has-post-thumbnail","6":"product_cat-koogikarud-ja-togid","7":"pa_kaubamark-cambro","9":"first","10":"outofstock","11":"shipping-taxable","12":"purchasable","13":"product-type-simple"},"acf":[],"_links":{"self":[{"href":"https:\/\/farwell.ee\/en\/wp-json\/wp\/v2\/product\/23942","targetHints":{"allow":["GET"]}}],"collection":[{"href":"https:\/\/farwell.ee\/en\/wp-json\/wp\/v2\/product"}],"about":[{"href":"https:\/\/farwell.ee\/en\/wp-json\/wp\/v2\/types\/product"}],"wp:featuredmedia":[{"embeddable":true,"href":"https:\/\/farwell.ee\/en\/wp-json\/wp\/v2\/media\/23941"}],"wp:attachment":[{"href":"https:\/\/farwell.ee\/en\/wp-json\/wp\/v2\/media?parent=23942"}],"wp:term":[{"taxonomy":"product_brand","embeddable":true,"href":"https:\/\/farwell.ee\/en\/wp-json\/wp\/v2\/product_brand?post=23942"},{"taxonomy":"product_cat","embeddable":true,"href":"https:\/\/farwell.ee\/en\/wp-json\/wp\/v2\/product_cat?post=23942"},{"taxonomy":"product_tag","embeddable":true,"href":"https:\/\/farwell.ee\/en\/wp-json\/wp\/v2\/product_tag?post=23942"}],"curies":[{"name":"wp","href":"https:\/\/api.w.org\/{rel}","templated":true}]}}