{"id":23845,"date":"2023-10-04T14:15:04","date_gmt":"2023-10-04T11:15:04","guid":{"rendered":"https:\/\/farwell.ee\/toode\/joogitermos-199l-kraaniga-cambro-2\/"},"modified":"2026-03-24T14:15:04","modified_gmt":"2026-03-24T12:15:04","slug":"joogitermos-199l-kraaniga-cambro-2","status":"publish","type":"product","link":"https:\/\/farwell.ee\/en\/product\/joogitermos-199l-kraaniga-cambro-2\/","title":{"rendered":"Joogitermos 19,9L kraaniga Cambro"},"content":{"rendered":"","protected":false},"excerpt":{"rendered":"<p>Materjal pol\u00fcet\u00fcleen, soojustusmaterjal pol\u00fcuretaan.<br \/>\nIntegreeritud k\u00e4epidemed<br \/>\nMaht 19,9L<br \/>\nMahutab 210ml portsjonit 96tk<br \/>\nM\u00f5\u00f5dud: 42,5x30x68cm<br \/>\nMonoliitne, liitekohtadeta korpus ja tugevad k\u00e4epidemed.<br \/>\nKaks laia nailonklambrit, mida on lihtne avada ja sulgeda.<br \/>\nKaas varustatud eemaldatava ja vahetatava tihendiga.<br \/>\nKuuma joogi puhul langeb temperatuur u. 2 kraadi tunnis.<br \/>\nK\u00fclma joogi puhul t\u00f5useb temperatuur u. 0,4 kraadi tunnis.<br \/>\nLadustatav.<br \/>\nS\u00fcviskraan on kaitstud l\u00f6\u00f6kide eest.<br \/>\nMasinpestav.<\/p>","protected":false},"featured_media":31872,"template":"","meta":{"_acf_changed":false,"inline_featured_image":false},"product_brand":[],"product_cat":[5553],"product_tag":[],"class_list":{"0":"post-23845","1":"product","2":"type-product","3":"status-publish","4":"has-post-thumbnail","6":"product_cat-joogitermosed-ja-toidutermosed","7":"pa_kaubamark-cambro","9":"first","10":"outofstock","11":"shipping-taxable","12":"purchasable","13":"product-type-simple"},"acf":[],"_links":{"self":[{"href":"https:\/\/farwell.ee\/en\/wp-json\/wp\/v2\/product\/23845","targetHints":{"allow":["GET"]}}],"collection":[{"href":"https:\/\/farwell.ee\/en\/wp-json\/wp\/v2\/product"}],"about":[{"href":"https:\/\/farwell.ee\/en\/wp-json\/wp\/v2\/types\/product"}],"wp:featuredmedia":[{"embeddable":true,"href":"https:\/\/farwell.ee\/en\/wp-json\/wp\/v2\/media\/31872"}],"wp:attachment":[{"href":"https:\/\/farwell.ee\/en\/wp-json\/wp\/v2\/media?parent=23845"}],"wp:term":[{"taxonomy":"product_brand","embeddable":true,"href":"https:\/\/farwell.ee\/en\/wp-json\/wp\/v2\/product_brand?post=23845"},{"taxonomy":"product_cat","embeddable":true,"href":"https:\/\/farwell.ee\/en\/wp-json\/wp\/v2\/product_cat?post=23845"},{"taxonomy":"product_tag","embeddable":true,"href":"https:\/\/farwell.ee\/en\/wp-json\/wp\/v2\/product_tag?post=23845"}],"curies":[{"name":"wp","href":"https:\/\/api.w.org\/{rel}","templated":true}]}}