{"id":23813,"date":"2023-10-04T09:30:03","date_gmt":"2023-10-04T06:30:03","guid":{"rendered":"https:\/\/farwell.ee\/toode\/teritaja-nugadele-ja-kaaridele-reguleeritava-teritusnurgaga-pro\/"},"modified":"2026-03-11T11:30:06","modified_gmt":"2026-03-11T09:30:06","slug":"teritaja-nugadele-ja-kaaridele-reguleeritava-teritusnurgaga-pro","status":"publish","type":"product","link":"https:\/\/farwell.ee\/en\/product\/teritaja-nugadele-ja-kaaridele-reguleeritava-teritusnurgaga-pro\/","title":{"rendered":"Teritaja nugadele ja k\u00e4\u00e4ridele, reguleeritava teritusnurgaga PRO"},"content":{"rendered":"","protected":false},"excerpt":{"rendered":"<p>Teritusnurga reguleerimine on vahemikus 14 kuni 24 \u00b0<\/p>\n<p>T\u00e4nu reguleeritavale teritusnurgale saate h\u00f5lpsalt teritada erinevaid k\u00f6\u00f6ginuge ja k\u00e4\u00e4re.<br \/>\nTeritajal on reguleeritav kaheastmeline teritus: j\u00e4me ja peen.<br \/>\nT\u00e4nu libisemiskindlale alusele on teritaja stabiilne ja turvaline.<\/p>\n<p>Noateritaja regulaarsel kasutamisel hoiate oma noad heas seisukorras ja pikendate nende eluiga.<\/p>\n<p>Erinevate nugade soovituslikud teritusnurgad:<br \/>\nFileerimisnoad ja jaapani k\u00f6\u00f6ginoad 14-16\u00b0<br \/>\nEuroopa p\u00e4ritoluga k\u00f6\u00f6ginoad 20 \u00b0<br \/>\nJahinoad 22\u00b0<br \/>\nPussid ehk pussnoad 22\u00b0<\/p>\n<p><strong>Kasutamine:<br \/>\n<\/strong>&#8211; Kontrolli enne kasutamist teritusnugade puhtust. Vajadusel eemalda avadesse kogunenud mustus ja metallipuru<br \/>\n&#8211; M\u00e4\u00e4ra sobilik teritusnurk (vahemik 14-24 kraadi).<br \/>\n&#8211; Veendu, et noateritaja toetub stabiilselt aluspinnale ja hoia sellest vaba k\u00e4ega tugevalt kinni, et v\u00e4ltida selle liikumist teritamise ajal.<br \/>\n&#8211; T\u00f5mba noatera V-avast t\u00e4ies pikkuses l\u00e4bi ca 3-6 korda kogu tera ulatuses l\u00e4bi. Kontrolli teravust, vastavalt vajadusele korda teritamist.<br \/>\n&#8211; Suru teritamise ajal \u00fchtlaselt (kuid mitte liialt tugevalt) noale. Liiga tugev v\u00f5i eba\u00fchtlane surve v\u00f5ib noa tera kahjustada.<br \/>\n&#8211; Kui nuga on saavutanud soovitud teravuse, loputa nuga vee all ja kuivata. et eemaldada teralt eraldunud metallipuru.<\/p>\n<div><strong>Hooldus ja ohutus:<\/strong><\/div>\n<div>&#8211; Teritaja ei sobi \u00fchepoolse teritusega nugade ja eriotsitarbeliste l\u00f5iketrade (nt k\u00f6\u00f6gikombaini tera) teritamiseks.<\/div>\n<div>&#8211; \u00c4ra pese teritajat n\u00f5udepesumasinas.<\/div>\n<div>&#8211; Ole teritaja ja noa k\u00e4sitsemisel ettevaatlik, hoiusta lastele k\u00e4ttesaamatus kohas.<\/div>","protected":false},"featured_media":23815,"template":"","meta":{"_acf_changed":false,"inline_featured_image":false},"product_brand":[],"product_cat":[140],"product_tag":[],"class_list":{"0":"post-23813","1":"product","2":"type-product","3":"status-publish","4":"has-post-thumbnail","6":"product_cat-kooginoad","7":"pa_kaubamark-heirol","9":"first","10":"instock","11":"shipping-taxable","12":"purchasable","13":"product-type-simple"},"acf":[],"_links":{"self":[{"href":"https:\/\/farwell.ee\/en\/wp-json\/wp\/v2\/product\/23813","targetHints":{"allow":["GET"]}}],"collection":[{"href":"https:\/\/farwell.ee\/en\/wp-json\/wp\/v2\/product"}],"about":[{"href":"https:\/\/farwell.ee\/en\/wp-json\/wp\/v2\/types\/product"}],"wp:featuredmedia":[{"embeddable":true,"href":"https:\/\/farwell.ee\/en\/wp-json\/wp\/v2\/media\/23815"}],"wp:attachment":[{"href":"https:\/\/farwell.ee\/en\/wp-json\/wp\/v2\/media?parent=23813"}],"wp:term":[{"taxonomy":"product_brand","embeddable":true,"href":"https:\/\/farwell.ee\/en\/wp-json\/wp\/v2\/product_brand?post=23813"},{"taxonomy":"product_cat","embeddable":true,"href":"https:\/\/farwell.ee\/en\/wp-json\/wp\/v2\/product_cat?post=23813"},{"taxonomy":"product_tag","embeddable":true,"href":"https:\/\/farwell.ee\/en\/wp-json\/wp\/v2\/product_tag?post=23813"}],"curies":[{"name":"wp","href":"https:\/\/api.w.org\/{rel}","templated":true}]}}