{"id":23763,"date":"2023-10-02T11:30:05","date_gmt":"2023-10-02T08:30:05","guid":{"rendered":"https:\/\/farwell.ee\/toode\/putukapuunis-300m2-le-13w-kahe-uv-lambiga\/"},"modified":"2026-01-09T11:00:07","modified_gmt":"2026-01-09T09:00:07","slug":"putukapuunis-300m2-le-13w-kahe-uv-lambiga","status":"publish","type":"product","link":"https:\/\/farwell.ee\/en\/product\/putukapuunis-300m2-le-13w-kahe-uv-lambiga\/","title":{"rendered":"Putukap\u00fc\u00fcnis 300m2-le 13W kahe UV-lambiga"},"content":{"rendered":"","protected":false},"excerpt":{"rendered":"<p>Sobib siseruumides kasutamiseks.<br \/>\nKasutab vastupidavat UV-A LED valgust, mille keskmine t\u00f6\u00f6iga on kuni 20000 tundi.<br \/>\nKorpus tulekindlast ABS-plastist, mis garanteerib ohutuse.<br \/>\nPutukad hukkuvad elektrivoolu toimel tugevusega 4000V.<br \/>\nEemaldatav kogumisalus, lihtsasti puhastatav.<br \/>\nV\u00f5ib riputada lakke kettide abil v\u00f5i asetada t\u00f6\u00f6pindadele.<br \/>\nSobib ruumidesse, mille pindala on max. 300 ruutmeetrit.<br \/>\nV\u00f5imsus 13W ,\u00a0 230V<\/p>","protected":false},"featured_media":36332,"template":"","meta":{"_acf_changed":false,"inline_featured_image":false},"product_brand":[],"product_cat":[10399],"product_tag":[],"class_list":{"0":"post-23763","1":"product","2":"type-product","3":"status-publish","4":"has-post-thumbnail","6":"product_cat-putukapuunised","7":"pa_kaubamark-hendi","9":"first","10":"outofstock","11":"shipping-taxable","12":"purchasable","13":"product-type-simple"},"acf":[],"_links":{"self":[{"href":"https:\/\/farwell.ee\/en\/wp-json\/wp\/v2\/product\/23763","targetHints":{"allow":["GET"]}}],"collection":[{"href":"https:\/\/farwell.ee\/en\/wp-json\/wp\/v2\/product"}],"about":[{"href":"https:\/\/farwell.ee\/en\/wp-json\/wp\/v2\/types\/product"}],"wp:featuredmedia":[{"embeddable":true,"href":"https:\/\/farwell.ee\/en\/wp-json\/wp\/v2\/media\/36332"}],"wp:attachment":[{"href":"https:\/\/farwell.ee\/en\/wp-json\/wp\/v2\/media?parent=23763"}],"wp:term":[{"taxonomy":"product_brand","embeddable":true,"href":"https:\/\/farwell.ee\/en\/wp-json\/wp\/v2\/product_brand?post=23763"},{"taxonomy":"product_cat","embeddable":true,"href":"https:\/\/farwell.ee\/en\/wp-json\/wp\/v2\/product_cat?post=23763"},{"taxonomy":"product_tag","embeddable":true,"href":"https:\/\/farwell.ee\/en\/wp-json\/wp\/v2\/product_tag?post=23763"}],"curies":[{"name":"wp","href":"https:\/\/api.w.org\/{rel}","templated":true}]}}