{"id":23749,"date":"2023-10-02T11:00:04","date_gmt":"2023-10-02T08:00:04","guid":{"rendered":"https:\/\/farwell.ee\/toode\/putukapuunis-100m2-le-40w-kahe-uv-lambiga\/"},"modified":"2026-01-09T10:45:11","modified_gmt":"2026-01-09T08:45:11","slug":"putukapuunis-100m2-le-40w-kahe-uv-lambiga","status":"publish","type":"product","link":"https:\/\/farwell.ee\/en\/product\/putukapuunis-100m2-le-40w-kahe-uv-lambiga\/","title":{"rendered":"Putukap\u00fc\u00fcnis 100m2-le 40W kahe UV-lambiga"},"content":{"rendered":"","protected":false},"excerpt":{"rendered":"<p>Sobib siseruumides kasutamiseks.<br \/>\nKorpus spetsiaalsest alumiiniumsulamist ja tulekindlast ABS-plastist, mis garanteerib ohutuse.<br \/>\n2 ultraviolettlampi.<br \/>\nPutukad hukkuvad elektrivoolu toimel tugevusega 2000-2500V.<br \/>\nEemaldatav kogumisalus, lihtsasti puhastatav.<br \/>\nV\u00f5ib riputada kettide abil v\u00f5i asetada t\u00f6\u00f6pindadele.<br \/>\nSobib ruumidesse, mille pindala on max. 100 ruutmeetrit.<br \/>\nV\u00f5imsus 40W ,\u00a0 230V<\/p>","protected":false},"featured_media":36315,"template":"","meta":{"_acf_changed":false,"inline_featured_image":false},"product_brand":[],"product_cat":[10399],"product_tag":[],"class_list":{"0":"post-23749","1":"product","2":"type-product","3":"status-publish","4":"has-post-thumbnail","6":"product_cat-putukapuunised","7":"pa_kaubamark-hendi","9":"first","10":"outofstock","11":"shipping-taxable","12":"purchasable","13":"product-type-simple"},"acf":[],"_links":{"self":[{"href":"https:\/\/farwell.ee\/en\/wp-json\/wp\/v2\/product\/23749","targetHints":{"allow":["GET"]}}],"collection":[{"href":"https:\/\/farwell.ee\/en\/wp-json\/wp\/v2\/product"}],"about":[{"href":"https:\/\/farwell.ee\/en\/wp-json\/wp\/v2\/types\/product"}],"wp:featuredmedia":[{"embeddable":true,"href":"https:\/\/farwell.ee\/en\/wp-json\/wp\/v2\/media\/36315"}],"wp:attachment":[{"href":"https:\/\/farwell.ee\/en\/wp-json\/wp\/v2\/media?parent=23749"}],"wp:term":[{"taxonomy":"product_brand","embeddable":true,"href":"https:\/\/farwell.ee\/en\/wp-json\/wp\/v2\/product_brand?post=23749"},{"taxonomy":"product_cat","embeddable":true,"href":"https:\/\/farwell.ee\/en\/wp-json\/wp\/v2\/product_cat?post=23749"},{"taxonomy":"product_tag","embeddable":true,"href":"https:\/\/farwell.ee\/en\/wp-json\/wp\/v2\/product_tag?post=23749"}],"curies":[{"name":"wp","href":"https:\/\/api.w.org\/{rel}","templated":true}]}}