{"id":23508,"date":"2023-09-20T10:45:04","date_gmt":"2023-09-20T07:45:04","guid":{"rendered":"https:\/\/farwell.ee\/toode\/kauss-11l-ladustatav-v112\/"},"modified":"2026-03-09T12:30:04","modified_gmt":"2026-03-09T10:30:04","slug":"kauss-11l-ladustatav-v112","status":"publish","type":"product","link":"https:\/\/farwell.ee\/en\/product\/kauss-11l-ladustatav-v112\/","title":{"rendered":"Kauss 1,1L ladustatav, l\u00e4bim\u00f5\u00f5t 194mm Varionorm V112"},"content":{"rendered":"","protected":false},"excerpt":{"rendered":"","protected":false},"featured_media":23507,"template":"","meta":{"_acf_changed":false,"inline_featured_image":false},"product_brand":[],"product_cat":[132],"product_tag":[],"class_list":{"0":"post-23508","1":"product","2":"type-product","3":"status-publish","4":"has-post-thumbnail","6":"product_cat-kausid","7":"pa_kaubamark-seltmann","9":"first","10":"outofstock","11":"shipping-taxable","12":"purchasable","13":"product-type-simple"},"acf":[],"_links":{"self":[{"href":"https:\/\/farwell.ee\/en\/wp-json\/wp\/v2\/product\/23508","targetHints":{"allow":["GET"]}}],"collection":[{"href":"https:\/\/farwell.ee\/en\/wp-json\/wp\/v2\/product"}],"about":[{"href":"https:\/\/farwell.ee\/en\/wp-json\/wp\/v2\/types\/product"}],"wp:featuredmedia":[{"embeddable":true,"href":"https:\/\/farwell.ee\/en\/wp-json\/wp\/v2\/media\/23507"}],"wp:attachment":[{"href":"https:\/\/farwell.ee\/en\/wp-json\/wp\/v2\/media?parent=23508"}],"wp:term":[{"taxonomy":"product_brand","embeddable":true,"href":"https:\/\/farwell.ee\/en\/wp-json\/wp\/v2\/product_brand?post=23508"},{"taxonomy":"product_cat","embeddable":true,"href":"https:\/\/farwell.ee\/en\/wp-json\/wp\/v2\/product_cat?post=23508"},{"taxonomy":"product_tag","embeddable":true,"href":"https:\/\/farwell.ee\/en\/wp-json\/wp\/v2\/product_tag?post=23508"}],"curies":[{"name":"wp","href":"https:\/\/api.w.org\/{rel}","templated":true}]}}