{"id":23446,"date":"2023-09-15T11:45:03","date_gmt":"2023-09-15T08:45:03","guid":{"rendered":"https:\/\/farwell.ee\/toode\/lauakaal-15kg-digitaalne-taadeldud-veekindel-ip66\/"},"modified":"2025-11-11T13:30:16","modified_gmt":"2025-11-11T11:30:16","slug":"lauakaal-15kg-digitaalne-taadeldud-veekindel-ip66","status":"publish","type":"product","link":"https:\/\/farwell.ee\/en\/product\/lauakaal-15kg-digitaalne-taadeldud-veekindel-ip66\/","title":{"rendered":"Lauakaal 15kg digitaalne, taadeldud, veejoakindel IP66"},"content":{"rendered":"","protected":false},"excerpt":{"rendered":"<p>Jaotusv\u00e4\u00e4rtus: 2\/5 grammi<br \/>\nKaalumise \u00fclempiir: 6\/15kg<br \/>\nKaitseaste: IP66 (veejoakindel)<br \/>\nKaalu m\u00f5\u00f5t: 256 x 299 x 117 mm<br \/>\nPlatvormi m\u00f5\u00f5t: 237x192mm roostevaba<br \/>\nTaadeldav: EL esmataatlus<br \/>\nResolutsioon: 1\/3000 (Topeltinterval)<br \/>\nKlahvistik: 4ea (Vool sisse\/v\u00e4lja, nullimine, taara, n\u00e4idu salvestamine)<br \/>\nFunktsioonid: N\u00e4idu salvestamine, loendamine, \u00fchikute v\u00f5rdlemine,<br \/>\n(HI\/OK\/LOW) automaatne v\u00e4ljal\u00fclitus, ootere\u017eiim.<br \/>\nToide: 9VDC\/1A adapter.<br \/>\nAku t\u00f6\u00f6aeg \u00fche ekraaniga: u. 80 tundi<br \/>\nT\u00f6\u00f6temperatuur: -10\u00b0C \u2026. +40\u00b0C<br \/>\nKaal:\u00a0 2,6kg<\/p>","protected":false},"featured_media":36371,"template":"","meta":{"_acf_changed":false,"inline_featured_image":false},"product_brand":[],"product_cat":[12393],"product_tag":[6987,6988],"class_list":{"0":"post-23446","1":"product","2":"type-product","3":"status-publish","4":"has-post-thumbnail","6":"product_cat-kaalud","7":"product_tag-kaubakaal","8":"product_tag-koogikaal","9":"pa_kaubamark-cas","11":"first","12":"outofstock","13":"shipping-taxable","14":"purchasable","15":"product-type-simple"},"acf":[],"_links":{"self":[{"href":"https:\/\/farwell.ee\/en\/wp-json\/wp\/v2\/product\/23446","targetHints":{"allow":["GET"]}}],"collection":[{"href":"https:\/\/farwell.ee\/en\/wp-json\/wp\/v2\/product"}],"about":[{"href":"https:\/\/farwell.ee\/en\/wp-json\/wp\/v2\/types\/product"}],"wp:featuredmedia":[{"embeddable":true,"href":"https:\/\/farwell.ee\/en\/wp-json\/wp\/v2\/media\/36371"}],"wp:attachment":[{"href":"https:\/\/farwell.ee\/en\/wp-json\/wp\/v2\/media?parent=23446"}],"wp:term":[{"taxonomy":"product_brand","embeddable":true,"href":"https:\/\/farwell.ee\/en\/wp-json\/wp\/v2\/product_brand?post=23446"},{"taxonomy":"product_cat","embeddable":true,"href":"https:\/\/farwell.ee\/en\/wp-json\/wp\/v2\/product_cat?post=23446"},{"taxonomy":"product_tag","embeddable":true,"href":"https:\/\/farwell.ee\/en\/wp-json\/wp\/v2\/product_tag?post=23446"}],"curies":[{"name":"wp","href":"https:\/\/api.w.org\/{rel}","templated":true}]}}