{"id":23413,"date":"2023-09-14T12:30:03","date_gmt":"2023-09-14T09:30:03","guid":{"rendered":"https:\/\/farwell.ee\/toode\/gaasisuutaja-23-cm-korduvtaidetav-2-tk-komplektis-tarnitakse-ilma-gaasita\/"},"modified":"2026-02-13T16:30:04","modified_gmt":"2026-02-13T14:30:04","slug":"gaasisuutaja-23-cm-korduvtaidetav-2-tk-komplektis-tarnitakse-ilma-gaasita","status":"publish","type":"product","link":"https:\/\/farwell.ee\/en\/product\/gaasisuutaja-23-cm-korduvtaidetav-2-tk-komplektis-tarnitakse-ilma-gaasita\/","title":{"rendered":"Gaasis\u00fc\u00fctaja 23 cm, korduvt\u00e4idetav, 2 tk\/komplektis"},"content":{"rendered":"","protected":false},"excerpt":{"rendered":"<p>Tarnitakse ilma gaasita !<\/p>","protected":false},"featured_media":23412,"template":"","meta":{"_acf_changed":false,"inline_featured_image":false},"product_brand":[],"product_cat":[7535],"product_tag":[],"class_list":{"0":"post-23413","1":"product","2":"type-product","3":"status-publish","4":"has-post-thumbnail","6":"product_cat-kulumaterjalid","7":"pa_kaubamark-hendi","9":"first","10":"outofstock","11":"shipping-taxable","12":"purchasable","13":"product-type-simple"},"acf":[],"_links":{"self":[{"href":"https:\/\/farwell.ee\/en\/wp-json\/wp\/v2\/product\/23413","targetHints":{"allow":["GET"]}}],"collection":[{"href":"https:\/\/farwell.ee\/en\/wp-json\/wp\/v2\/product"}],"about":[{"href":"https:\/\/farwell.ee\/en\/wp-json\/wp\/v2\/types\/product"}],"wp:featuredmedia":[{"embeddable":true,"href":"https:\/\/farwell.ee\/en\/wp-json\/wp\/v2\/media\/23412"}],"wp:attachment":[{"href":"https:\/\/farwell.ee\/en\/wp-json\/wp\/v2\/media?parent=23413"}],"wp:term":[{"taxonomy":"product_brand","embeddable":true,"href":"https:\/\/farwell.ee\/en\/wp-json\/wp\/v2\/product_brand?post=23413"},{"taxonomy":"product_cat","embeddable":true,"href":"https:\/\/farwell.ee\/en\/wp-json\/wp\/v2\/product_cat?post=23413"},{"taxonomy":"product_tag","embeddable":true,"href":"https:\/\/farwell.ee\/en\/wp-json\/wp\/v2\/product_tag?post=23413"}],"curies":[{"name":"wp","href":"https:\/\/api.w.org\/{rel}","templated":true}]}}