{"id":23403,"date":"2023-09-14T10:45:04","date_gmt":"2023-09-14T07:45:04","guid":{"rendered":"https:\/\/farwell.ee\/toode\/leeklamp-e-gaasipoleti-360-tooraadiusega-gaasiballoon\/"},"modified":"2026-03-24T16:30:04","modified_gmt":"2026-03-24T14:30:04","slug":"leeklamp-e-gaasipoleti-360-tooraadiusega-gaasiballoon","status":"publish","type":"product","link":"https:\/\/farwell.ee\/en\/product\/leeklamp-e-gaasipoleti-360-tooraadiusega-gaasiballoon\/","title":{"rendered":"Leeklamp e. gaasip\u00f5leti 360\u00b0 t\u00f6\u00f6raadiusega + gaasiballoon"},"content":{"rendered":"","protected":false},"excerpt":{"rendered":"<ul class=\"productBulletPointsStyles-bulletPoints-Lz_f\">\n<li class=\"productBulletPointsStyles-bulletPointElement-2dOc\">P\u00f5leti t\u00f6\u00f6tab mis tahes asendis ja mis tahes nurga all<\/li>\n<li class=\"productBulletPointsStyles-bulletPointElement-2dOc\">Kaasaegne disain: matt must roheliste aktsentidega<\/li>\n<li class=\"productBulletPointsStyles-bulletPointElement-2dOc\">Leegi suuruse ja intensiivsuse lihtne reguleerimine vahemikus: 15-150 mm<\/li>\n<li class=\"productBulletPointsStyles-bulletPointElement-2dOc\">Pieso s\u00fc\u00fctaja<\/li>\n<li class=\"productBulletPointsStyles-bulletPointElement-2dOc\">P\u00f5leti lihtne ja turvaline paigaldamine gaasiballoonile<\/li>\n<li>Sobilik gaasiballoon koodiga 199039<\/li>\n<\/ul>\n<p>Robert Bronwasseri disainitud gaasip\u00f5leti.<br \/>\nErgonoomilise k\u00e4epidemega.<br \/>\nP\u00f5leti kinnitatakse lihtsalt ja kindlalt gaasiballooni k\u00fclge ja see katab kogu ballooni \u00fclaosa, muutes selle h\u00fcgieeniliseks.<br \/>\nPiesos\u00fc\u00fcde teeb s\u00fc\u00fctamise lihtsaks, suur gaasinupp v\u00f5imaldab\u00a0leegi suurust ja intensiivsust mugavalt reguleerida.<br \/>\nT\u00f6\u00f6tab iga nurga all, isegi tagurpidi.<\/p>\n<p>TEMPERATUURI STABILISAATOR<br \/>\nAlates esimesest t\u00f6\u00f6sekundist saavutab p\u00f5leti optimaalse taseme &#8211;\u00a0leegi temperatuur 1300 \u00b0C<\/p>\n<p>GILL-T\u00dc\u00dcPI \u00d5HU SISSEV\u00d5TT<br \/>\nSuure leekv\u00f5imsusega &#8211; k\u00fclgedel p\u00f5lemiskambri \u00f5hu sisselaskeavad.<\/p>\n<p>T\u00c4PNE LEEGI JUHTIMINE<br \/>\nIdeaalne pruunistamiseks: suhkrud, kreemid, juustud, puuviljad, k\u00f6\u00f6giviljad ja liha<\/p>\n<p>SUJUV LEEGI PIKKUSE REGULEERIMINE: 15mm -150mm.<\/p>\n<p>LEEGIOTSIKU PIKKUS 100mm:<br \/>\n\u2022 ohutu flambeerimine<br \/>\n\u2022 tuletsooni ja kuumt\u00f6\u00f6tlustsooni t\u00e4psem suunamine<br \/>\n\u2022 k\u00e4e maksimaalne eraldatus k\u00f5rgest temperatuurist<\/p>","protected":false},"featured_media":36580,"template":"","meta":{"_acf_changed":false,"inline_featured_image":false},"product_brand":[],"product_cat":[12442],"product_tag":[],"class_list":{"0":"post-23403","1":"product","2":"type-product","3":"status-publish","4":"has-post-thumbnail","6":"product_cat-leeklambid","7":"pa_kaubamark-hendi","9":"first","10":"instock","11":"shipping-taxable","12":"purchasable","13":"product-type-simple"},"acf":[],"_links":{"self":[{"href":"https:\/\/farwell.ee\/en\/wp-json\/wp\/v2\/product\/23403","targetHints":{"allow":["GET"]}}],"collection":[{"href":"https:\/\/farwell.ee\/en\/wp-json\/wp\/v2\/product"}],"about":[{"href":"https:\/\/farwell.ee\/en\/wp-json\/wp\/v2\/types\/product"}],"wp:featuredmedia":[{"embeddable":true,"href":"https:\/\/farwell.ee\/en\/wp-json\/wp\/v2\/media\/36580"}],"wp:attachment":[{"href":"https:\/\/farwell.ee\/en\/wp-json\/wp\/v2\/media?parent=23403"}],"wp:term":[{"taxonomy":"product_brand","embeddable":true,"href":"https:\/\/farwell.ee\/en\/wp-json\/wp\/v2\/product_brand?post=23403"},{"taxonomy":"product_cat","embeddable":true,"href":"https:\/\/farwell.ee\/en\/wp-json\/wp\/v2\/product_cat?post=23403"},{"taxonomy":"product_tag","embeddable":true,"href":"https:\/\/farwell.ee\/en\/wp-json\/wp\/v2\/product_tag?post=23403"}],"curies":[{"name":"wp","href":"https:\/\/api.w.org\/{rel}","templated":true}]}}